{"id":85589,"date":"2025-08-29T08:57:09","date_gmt":"2025-08-29T06:57:09","guid":{"rendered":"https:\/\/nueva.avantarea.com\/?post_type=product&#038;p=85589"},"modified":"2026-02-25T08:32:27","modified_gmt":"2026-02-25T07:32:27","slug":"pack-chamelet-lavabo-espejo-circular-copia","status":"publish","type":"product","link":"https:\/\/avantarea.com\/fr\/producto\/pack-chamelet-lavabo-espejo-circular-copia\/","title":{"rendered":"Pack CHAMELET + lavabo + miroir circulaire"},"content":{"rendered":"<p>Ensemble comprenant un meuble sous-vasque suspendu, une vasque en c\u00e9ramique, un miroir design circulaire.<br \/>\nLe meuble sous-vasque est compos\u00e9 d&rsquo;un module suspendu \u00e0 deux tiroirs, avec ouverture par poign\u00e9e profil\u00e9e dor\u00e9e. Fabriqu\u00e9 en panneau de particules de 19 mm avec rev\u00eatement m\u00e9lamin\u00e9, un mat\u00e9riau r\u00e9sistant, \u00e9cologique et recyclable, il garantit durabilit\u00e9 et entretien facile, avec une fa\u00e7ade \u00e0 l&rsquo;effet tasseaux. Tiroir m\u00e9tallique \u00e0 double paroi, \u00e0 l&rsquo;esth\u00e9tique minimaliste, aux parois fines et aux lignes droites, avec fermeture amortie et une capacit\u00e9 de charge de 25 kg. Tiroir \u00e0 pleine extension et espace arri\u00e8re disponible.<br \/>\nLe meuble comprend un miroir design circulaire et une vasque \u00e0 poser en c\u00e9ramique. Il est livr\u00e9 mont\u00e9, pr\u00eat \u00e0 \u00eatre suspendu au mur. Toute la quincaillerie n\u00e9cessaire est incluse. Fabriqu\u00e9 en Espagne. Robinet et siphon non inclus.<\/p>\n","protected":false},"excerpt":{"rendered":"<p>Ensemble comprenant un meuble sous-vasque suspendu, une vasque en c\u00e9ramique, un miroir design circulaire. Le meuble sous-vasque est compos\u00e9 d&rsquo;un module suspendu \u00e0 deux tiroirs, avec ouverture par poign\u00e9e profil\u00e9e&#8230;<\/p>\n","protected":false},"featured_media":121099,"comment_status":"closed","ping_status":"closed","template":"","meta":[],"product_brand":[1024],"product_cat":[1179,1170],"product_tag":[],"class_list":{"0":"post-85589","1":"product","2":"type-product","3":"status-publish","4":"has-post-thumbnail","6":"product_brand-chamelet","7":"product_cat-meuble-de-salle-de-bain","8":"product_cat-muebles-de-bano","9":"pa_color-bardolino-alcatraz","10":"pa_color-blanco-alcatraz","11":"pa_color-nogal","12":"pa_medidas-369","13":"pa_medidas-378","14":"pa_medidas-383","15":"pa_medidas-370","16":"pa_tamano-80000-fr","18":"first","19":"instock","20":"purchasable","21":"product-type-variable"},"_links":{"self":[{"href":"https:\/\/avantarea.com\/fr\/wp-json\/wp\/v2\/product\/85589","targetHints":{"allow":["GET"]}}],"collection":[{"href":"https:\/\/avantarea.com\/fr\/wp-json\/wp\/v2\/product"}],"about":[{"href":"https:\/\/avantarea.com\/fr\/wp-json\/wp\/v2\/types\/product"}],"replies":[{"embeddable":true,"href":"https:\/\/avantarea.com\/fr\/wp-json\/wp\/v2\/comments?post=85589"}],"wp:featuredmedia":[{"embeddable":true,"href":"https:\/\/avantarea.com\/fr\/wp-json\/wp\/v2\/media\/121099"}],"wp:attachment":[{"href":"https:\/\/avantarea.com\/fr\/wp-json\/wp\/v2\/media?parent=85589"}],"wp:term":[{"taxonomy":"product_brand","embeddable":true,"href":"https:\/\/avantarea.com\/fr\/wp-json\/wp\/v2\/product_brand?post=85589"},{"taxonomy":"product_cat","embeddable":true,"href":"https:\/\/avantarea.com\/fr\/wp-json\/wp\/v2\/product_cat?post=85589"},{"taxonomy":"product_tag","embeddable":true,"href":"https:\/\/avantarea.com\/fr\/wp-json\/wp\/v2\/product_tag?post=85589"}],"curies":[{"name":"wp","href":"https:\/\/api.w.org\/{rel}","templated":true}]}}