{"id":85588,"date":"2025-11-05T06:14:36","date_gmt":"2025-11-05T05:14:36","guid":{"rendered":"https:\/\/nueva.avantarea.com\/?post_type=product&#038;p=85588"},"modified":"2026-02-23T08:43:11","modified_gmt":"2026-02-23T07:43:11","slug":"conjunto-ducha-monomando-tenerife-oro-rosa-cepillado-copia","status":"publish","type":"product","link":"https:\/\/avantarea.com\/fr\/producto\/conjunto-ducha-monomando-tenerife-oro-rosa-cepillado-copia\/","title":{"rendered":"Ensemble de douche mitigeur monocommande TENERIFE Or rose bross\u00e9"},"content":{"rendered":"<p>Barre de douche en acier inox S.304 ronde extensible.<br \/>\nFinition or rose bross\u00e9.<br \/>\nPomme de douche en acier inox S.304 \u00d820 cm, extra-plate et anticalcaire.<br \/>\nSupport douchette r\u00e9glable en hauteur.<br \/>\nDouchette ronde 1 position.<br \/>\nMitigeur en laiton avec inverseur int\u00e9gr\u00e9.<br \/>\nD\u00e9bit moyen 12 l\/min.<br \/>\nFlexible PVC 1,5 m.<br \/>\nCartouche mitigeur c\u00e9ramique \u00d835 mm.<\/p>\n","protected":false},"excerpt":{"rendered":"<p>Barre de douche en acier inox S.304 ronde extensible. Finition or rose bross\u00e9. Pomme de douche en acier inox S.304 \u00d820 cm, extra-plate et anticalcaire. Support douchette r\u00e9glable en hauteur&#8230;.<\/p>\n","protected":false},"featured_media":27404,"comment_status":"closed","ping_status":"open","template":"","meta":[],"product_brand":[896],"product_cat":[680],"product_tag":[],"class_list":{"0":"post-85588","1":"product","2":"type-product","3":"status-publish","4":"has-post-thumbnail","6":"product_brand-grifos","7":"product_cat-grifos","9":"first","10":"instock","11":"purchasable","12":"product-type-simple"},"_links":{"self":[{"href":"https:\/\/avantarea.com\/fr\/wp-json\/wp\/v2\/product\/85588","targetHints":{"allow":["GET"]}}],"collection":[{"href":"https:\/\/avantarea.com\/fr\/wp-json\/wp\/v2\/product"}],"about":[{"href":"https:\/\/avantarea.com\/fr\/wp-json\/wp\/v2\/types\/product"}],"replies":[{"embeddable":true,"href":"https:\/\/avantarea.com\/fr\/wp-json\/wp\/v2\/comments?post=85588"}],"wp:featuredmedia":[{"embeddable":true,"href":"https:\/\/avantarea.com\/fr\/wp-json\/wp\/v2\/media\/27404"}],"wp:attachment":[{"href":"https:\/\/avantarea.com\/fr\/wp-json\/wp\/v2\/media?parent=85588"}],"wp:term":[{"taxonomy":"product_brand","embeddable":true,"href":"https:\/\/avantarea.com\/fr\/wp-json\/wp\/v2\/product_brand?post=85588"},{"taxonomy":"product_cat","embeddable":true,"href":"https:\/\/avantarea.com\/fr\/wp-json\/wp\/v2\/product_cat?post=85588"},{"taxonomy":"product_tag","embeddable":true,"href":"https:\/\/avantarea.com\/fr\/wp-json\/wp\/v2\/product_tag?post=85588"}],"curies":[{"name":"wp","href":"https:\/\/api.w.org\/{rel}","templated":true}]}}