{"id":85586,"date":"2025-11-05T06:14:36","date_gmt":"2025-11-05T05:14:36","guid":{"rendered":"https:\/\/nueva.avantarea.com\/?post_type=product&#038;p=85586"},"modified":"2026-02-23T07:23:00","modified_gmt":"2026-02-23T06:23:00","slug":"monomando-lavabo-alto-tenerife-oro-rosa-cepillado-copia","status":"publish","type":"product","link":"https:\/\/avantarea.com\/fr\/producto\/monomando-lavabo-alto-tenerife-oro-rosa-cepillado-copia\/","title":{"rendered":"Mitigeur monocommande lavabo haut Tenerife or rose bross\u00e9"},"content":{"rendered":"<p>Mitigeur de lavabo haut.<br \/>\nCorps de robinetterie en laiton.<br \/>\nFinition or rose bross\u00e9.<br \/>\nCartouche c\u00e9ramique \u00d826 mm TOP.<br \/>\nFlexibles de raccordement 3\/8&Prime;.<\/p>\n","protected":false},"excerpt":{"rendered":"<p>Mitigeur de lavabo haut. Corps de robinetterie en laiton. Finition or rose bross\u00e9. Cartouche c\u00e9ramique \u00d826 mm TOP. Flexibles de raccordement 3\/8&Prime;.<\/p>\n","protected":false},"featured_media":27424,"comment_status":"closed","ping_status":"open","template":"","meta":[],"product_brand":[896],"product_cat":[680],"product_tag":[],"class_list":{"0":"post-85586","1":"product","2":"type-product","3":"status-publish","4":"has-post-thumbnail","6":"product_brand-grifos","7":"product_cat-grifos","9":"first","10":"instock","11":"purchasable","12":"product-type-simple"},"_links":{"self":[{"href":"https:\/\/avantarea.com\/fr\/wp-json\/wp\/v2\/product\/85586","targetHints":{"allow":["GET"]}}],"collection":[{"href":"https:\/\/avantarea.com\/fr\/wp-json\/wp\/v2\/product"}],"about":[{"href":"https:\/\/avantarea.com\/fr\/wp-json\/wp\/v2\/types\/product"}],"replies":[{"embeddable":true,"href":"https:\/\/avantarea.com\/fr\/wp-json\/wp\/v2\/comments?post=85586"}],"wp:featuredmedia":[{"embeddable":true,"href":"https:\/\/avantarea.com\/fr\/wp-json\/wp\/v2\/media\/27424"}],"wp:attachment":[{"href":"https:\/\/avantarea.com\/fr\/wp-json\/wp\/v2\/media?parent=85586"}],"wp:term":[{"taxonomy":"product_brand","embeddable":true,"href":"https:\/\/avantarea.com\/fr\/wp-json\/wp\/v2\/product_brand?post=85586"},{"taxonomy":"product_cat","embeddable":true,"href":"https:\/\/avantarea.com\/fr\/wp-json\/wp\/v2\/product_cat?post=85586"},{"taxonomy":"product_tag","embeddable":true,"href":"https:\/\/avantarea.com\/fr\/wp-json\/wp\/v2\/product_tag?post=85586"}],"curies":[{"name":"wp","href":"https:\/\/api.w.org\/{rel}","templated":true}]}}