{"id":85584,"date":"2025-11-05T06:14:36","date_gmt":"2025-11-05T05:14:36","guid":{"rendered":"https:\/\/nueva.avantarea.com\/?post_type=product&#038;p=85584"},"modified":"2026-02-23T07:22:37","modified_gmt":"2026-02-23T06:22:37","slug":"conjunto-ducha-monomando-empotrado-tenerife-copia","status":"publish","type":"product","link":"https:\/\/avantarea.com\/fr\/producto\/conjunto-ducha-monomando-empotrado-tenerife-copia\/","title":{"rendered":"ENSEMBLE DE DOUCHE MITIGEUR MONOCOMMANDE ENCASTR\u00c9 TENERIFE"},"content":{"rendered":"<p>Pomme de douche en inox S.304 \u00d825 cm, extra-plate, finition chrom\u00e9e et anticalcaire.<br \/>\nBras de douche mural en laiton finition chrom\u00e9e.<br \/>\nDouchette \u00e0 main ronde 1 jet.<br \/>\nMitigeur monocommande en laiton finition chrom\u00e9e 2 voies.<br \/>\nD\u00e9bit moyen 20 l\/min.<br \/>\nInverseur rond en laiton.<br \/>\nFlexible de douche PVC 1.5 m.<br \/>\nCartouche mitigeur \u00d835 mm.<br \/>\nSupport de douchette avec prise d&rsquo;eau murale.<br \/>\nCorps encastr\u00e9 directement au mur. Avec bo\u00eetier d&rsquo;encastrement.<\/p>\n","protected":false},"excerpt":{"rendered":"<p>Pomme de douche en inox S.304 \u00d825 cm, extra-plate, finition chrom\u00e9e et anticalcaire. Bras de douche mural en laiton finition chrom\u00e9e. Douchette \u00e0 main ronde 1 jet. Mitigeur monocommande en&#8230;<\/p>\n","protected":false},"featured_media":27446,"comment_status":"closed","ping_status":"open","template":"","meta":[],"product_brand":[896],"product_cat":[680],"product_tag":[],"class_list":{"0":"post-85584","1":"product","2":"type-product","3":"status-publish","4":"has-post-thumbnail","6":"product_brand-grifos","7":"product_cat-grifos","9":"first","10":"instock","11":"purchasable","12":"product-type-simple"},"_links":{"self":[{"href":"https:\/\/avantarea.com\/fr\/wp-json\/wp\/v2\/product\/85584","targetHints":{"allow":["GET"]}}],"collection":[{"href":"https:\/\/avantarea.com\/fr\/wp-json\/wp\/v2\/product"}],"about":[{"href":"https:\/\/avantarea.com\/fr\/wp-json\/wp\/v2\/types\/product"}],"replies":[{"embeddable":true,"href":"https:\/\/avantarea.com\/fr\/wp-json\/wp\/v2\/comments?post=85584"}],"wp:featuredmedia":[{"embeddable":true,"href":"https:\/\/avantarea.com\/fr\/wp-json\/wp\/v2\/media\/27446"}],"wp:attachment":[{"href":"https:\/\/avantarea.com\/fr\/wp-json\/wp\/v2\/media?parent=85584"}],"wp:term":[{"taxonomy":"product_brand","embeddable":true,"href":"https:\/\/avantarea.com\/fr\/wp-json\/wp\/v2\/product_brand?post=85584"},{"taxonomy":"product_cat","embeddable":true,"href":"https:\/\/avantarea.com\/fr\/wp-json\/wp\/v2\/product_cat?post=85584"},{"taxonomy":"product_tag","embeddable":true,"href":"https:\/\/avantarea.com\/fr\/wp-json\/wp\/v2\/product_tag?post=85584"}],"curies":[{"name":"wp","href":"https:\/\/api.w.org\/{rel}","templated":true}]}}