{"id":85580,"date":"2025-11-05T06:14:36","date_gmt":"2025-11-05T05:14:36","guid":{"rendered":"https:\/\/nueva.avantarea.com\/?post_type=product&#038;p=85580"},"modified":"2026-02-23T07:21:46","modified_gmt":"2026-02-23T06:21:46","slug":"conjunto-ducha-monomando-formentera-copia","status":"publish","type":"product","link":"https:\/\/avantarea.com\/fr\/producto\/conjunto-ducha-monomando-formentera-copia\/","title":{"rendered":"ENSEMBLE DE DOUCHE MITIGEUR FORMENTERA"},"content":{"rendered":"<p>Barre de douche en acier inox S.304 ronde extensible finition chrome.<br \/>\nT\u00eate de douche en acier inox S.304 \u00d820 cm, extra-plate, finition chrome et anticalcaire.<br \/>\nSupport de douchette r\u00e9glable en hauteur finition chrome.<br \/>\nDouchette ronde 3 positions finition chrome.<br \/>\nMitigeur en laiton finition chrome.<br \/>\nInverseur rond en laiton finition chrome.<br \/>\nD\u00e9bit moyen 12 l\/min.<br \/>\nFlexible en acier renforc\u00e9 1,5 m.<br \/>\nCartouche mitigeur c\u00e9ramique \u00d835 mm.<\/p>\n","protected":false},"excerpt":{"rendered":"<p>Barre de douche en acier inox S.304 ronde extensible finition chrome. T\u00eate de douche en acier inox S.304 \u00d820 cm, extra-plate, finition chrome et anticalcaire. Support de douchette r\u00e9glable en&#8230;<\/p>\n","protected":false},"featured_media":27504,"comment_status":"closed","ping_status":"open","template":"","meta":[],"product_brand":[896],"product_cat":[680],"product_tag":[],"class_list":{"0":"post-85580","1":"product","2":"type-product","3":"status-publish","4":"has-post-thumbnail","6":"product_brand-grifos","7":"product_cat-grifos","9":"first","10":"instock","11":"purchasable","12":"product-type-simple"},"_links":{"self":[{"href":"https:\/\/avantarea.com\/fr\/wp-json\/wp\/v2\/product\/85580","targetHints":{"allow":["GET"]}}],"collection":[{"href":"https:\/\/avantarea.com\/fr\/wp-json\/wp\/v2\/product"}],"about":[{"href":"https:\/\/avantarea.com\/fr\/wp-json\/wp\/v2\/types\/product"}],"replies":[{"embeddable":true,"href":"https:\/\/avantarea.com\/fr\/wp-json\/wp\/v2\/comments?post=85580"}],"wp:featuredmedia":[{"embeddable":true,"href":"https:\/\/avantarea.com\/fr\/wp-json\/wp\/v2\/media\/27504"}],"wp:attachment":[{"href":"https:\/\/avantarea.com\/fr\/wp-json\/wp\/v2\/media?parent=85580"}],"wp:term":[{"taxonomy":"product_brand","embeddable":true,"href":"https:\/\/avantarea.com\/fr\/wp-json\/wp\/v2\/product_brand?post=85580"},{"taxonomy":"product_cat","embeddable":true,"href":"https:\/\/avantarea.com\/fr\/wp-json\/wp\/v2\/product_cat?post=85580"},{"taxonomy":"product_tag","embeddable":true,"href":"https:\/\/avantarea.com\/fr\/wp-json\/wp\/v2\/product_tag?post=85580"}],"curies":[{"name":"wp","href":"https:\/\/api.w.org\/{rel}","templated":true}]}}