{"id":85511,"date":"2025-11-05T06:14:50","date_gmt":"2025-11-05T05:14:50","guid":{"rendered":"https:\/\/nueva.avantarea.com\/?post_type=product&#038;p=85511"},"modified":"2026-02-23T07:20:19","modified_gmt":"2026-02-23T06:20:19","slug":"conjunto-ducha-monomando-formentera-oro-cepillado-copia","status":"publish","type":"product","link":"https:\/\/avantarea.com\/fr\/producto\/conjunto-ducha-monomando-formentera-oro-cepillado-copia\/","title":{"rendered":"Ensemble de douche mitigeur monocommande Formentera Or Bross\u00e9"},"content":{"rendered":"<p>Barre de douche en acier inox S.304 ronde extensible finition or bross\u00e9.<br \/>\nPomme de douche en acier inox S.304 \u00d820 cm, extra-plate, finition or bross\u00e9 et anticalcaire.<br \/>\nSupport de douchette r\u00e9glable en hauteur finition or bross\u00e9.<br \/>\nDouchette ronde 3 positions finition or bross\u00e9.<br \/>\nMitigeur en laiton finition or bross\u00e9.<br \/>\nInverseur rond en laiton finition or bross\u00e9.<br \/>\nD\u00e9bit moyen 12 l\/min.<br \/>\nFlexible de douche PVC 1,5 m.<br \/>\nCartouche mitigeur c\u00e9ramique \u00d835 mm.<\/p>\n","protected":false},"excerpt":{"rendered":"<p>Barre de douche en acier inox S.304 ronde extensible finition or bross\u00e9. Pomme de douche en acier inox S.304 \u00d820 cm, extra-plate, finition or bross\u00e9 et anticalcaire. Support de douchette&#8230;<\/p>\n","protected":false},"featured_media":27570,"comment_status":"closed","ping_status":"open","template":"","meta":[],"product_brand":[896],"product_cat":[680],"product_tag":[],"class_list":{"0":"post-85511","1":"product","2":"type-product","3":"status-publish","4":"has-post-thumbnail","6":"product_brand-grifos","7":"product_cat-grifos","9":"first","10":"instock","11":"purchasable","12":"product-type-simple"},"_links":{"self":[{"href":"https:\/\/avantarea.com\/fr\/wp-json\/wp\/v2\/product\/85511","targetHints":{"allow":["GET"]}}],"collection":[{"href":"https:\/\/avantarea.com\/fr\/wp-json\/wp\/v2\/product"}],"about":[{"href":"https:\/\/avantarea.com\/fr\/wp-json\/wp\/v2\/types\/product"}],"replies":[{"embeddable":true,"href":"https:\/\/avantarea.com\/fr\/wp-json\/wp\/v2\/comments?post=85511"}],"wp:featuredmedia":[{"embeddable":true,"href":"https:\/\/avantarea.com\/fr\/wp-json\/wp\/v2\/media\/27570"}],"wp:attachment":[{"href":"https:\/\/avantarea.com\/fr\/wp-json\/wp\/v2\/media?parent=85511"}],"wp:term":[{"taxonomy":"product_brand","embeddable":true,"href":"https:\/\/avantarea.com\/fr\/wp-json\/wp\/v2\/product_brand?post=85511"},{"taxonomy":"product_cat","embeddable":true,"href":"https:\/\/avantarea.com\/fr\/wp-json\/wp\/v2\/product_cat?post=85511"},{"taxonomy":"product_tag","embeddable":true,"href":"https:\/\/avantarea.com\/fr\/wp-json\/wp\/v2\/product_tag?post=85511"}],"curies":[{"name":"wp","href":"https:\/\/api.w.org\/{rel}","templated":true}]}}