{"id":85501,"date":"2025-11-05T06:15:06","date_gmt":"2025-11-05T05:15:06","guid":{"rendered":"https:\/\/nueva.avantarea.com\/?post_type=product&#038;p=85501"},"modified":"2026-02-24T15:52:37","modified_gmt":"2026-02-24T14:52:37","slug":"conjunto-ducha-monomando-formentera-oro-rosa-cepillado-copia","status":"publish","type":"product","link":"https:\/\/avantarea.com\/fr\/producto\/conjunto-ducha-monomando-formentera-oro-rosa-cepillado-copia\/","title":{"rendered":"ENSEMBLE DE DOUCHE MITIGEUR MONOCOMMANDE FORMENTERA OR ROSE BROSS\u00c9"},"content":{"rendered":"<p>Barre de douche en acier inoxydable S.304 ronde extensible finition or rose bross\u00e9.<br \/>\nPomme de douche en acier inoxydable S.304 \u00d820 cm, extra-plate, finition or rose bross\u00e9 et anticalcaire.<br \/>\nSupport de douchette r\u00e9glable en hauteur finition or rose bross\u00e9.<br \/>\nDouchette ronde 3 positions finition or rose bross\u00e9.<br \/>\nMitigeur en laiton finition or rose bross\u00e9.<br \/>\nInverseur rond en laiton finition or rose bross\u00e9.<br \/>\nD\u00e9bit moyen 12 l\/min.<br \/>\nFlexible PVC 1,5 m.<br \/>\nCartouche mitigeur c\u00e9ramique \u00d835 mm.<\/p>\n","protected":false},"excerpt":{"rendered":"<p>Barre de douche en acier inoxydable S.304 ronde extensible finition or rose bross\u00e9. Pomme de douche en acier inoxydable S.304 \u00d820 cm, extra-plate, finition or rose bross\u00e9 et anticalcaire. Support&#8230;<\/p>\n","protected":false},"featured_media":27608,"comment_status":"closed","ping_status":"open","template":"","meta":[],"product_brand":[896],"product_cat":[680],"product_tag":[],"class_list":{"0":"post-85501","1":"product","2":"type-product","3":"status-publish","4":"has-post-thumbnail","6":"product_brand-grifos","7":"product_cat-grifos","9":"first","10":"instock","11":"purchasable","12":"product-type-simple"},"_links":{"self":[{"href":"https:\/\/avantarea.com\/fr\/wp-json\/wp\/v2\/product\/85501","targetHints":{"allow":["GET"]}}],"collection":[{"href":"https:\/\/avantarea.com\/fr\/wp-json\/wp\/v2\/product"}],"about":[{"href":"https:\/\/avantarea.com\/fr\/wp-json\/wp\/v2\/types\/product"}],"replies":[{"embeddable":true,"href":"https:\/\/avantarea.com\/fr\/wp-json\/wp\/v2\/comments?post=85501"}],"wp:featuredmedia":[{"embeddable":true,"href":"https:\/\/avantarea.com\/fr\/wp-json\/wp\/v2\/media\/27608"}],"wp:attachment":[{"href":"https:\/\/avantarea.com\/fr\/wp-json\/wp\/v2\/media?parent=85501"}],"wp:term":[{"taxonomy":"product_brand","embeddable":true,"href":"https:\/\/avantarea.com\/fr\/wp-json\/wp\/v2\/product_brand?post=85501"},{"taxonomy":"product_cat","embeddable":true,"href":"https:\/\/avantarea.com\/fr\/wp-json\/wp\/v2\/product_cat?post=85501"},{"taxonomy":"product_tag","embeddable":true,"href":"https:\/\/avantarea.com\/fr\/wp-json\/wp\/v2\/product_tag?post=85501"}],"curies":[{"name":"wp","href":"https:\/\/api.w.org\/{rel}","templated":true}]}}