{"id":85499,"date":"2025-11-05T06:15:06","date_gmt":"2025-11-05T05:15:06","guid":{"rendered":"https:\/\/nueva.avantarea.com\/?post_type=product&#038;p=85499"},"modified":"2026-02-24T15:53:38","modified_gmt":"2026-02-24T14:53:38","slug":"monomando-lavabo-alto-formentera-oro-rosa-cepillado-copia","status":"publish","type":"product","link":"https:\/\/avantarea.com\/fr\/producto\/monomando-lavabo-alto-formentera-oro-rosa-cepillado-copia\/","title":{"rendered":"MITIGEUR LAVABO HAUT FORMENTERA OR ROSE BROSS\u00c9"},"content":{"rendered":"<p>Mitigeur de lavabo haut.<br \/>\nCorps de robinetterie en laiton.<br \/>\nFinition or rose bross\u00e9.<br \/>\nCartouche c\u00e9ramique \u00d828 mm TOP.<br \/>\nFlexibles 3\/8&Prime;.<\/p>\n","protected":false},"excerpt":{"rendered":"<p>Mitigeur de lavabo haut. Corps de robinetterie en laiton. Finition or rose bross\u00e9. Cartouche c\u00e9ramique \u00d828 mm TOP. Flexibles 3\/8&Prime;.<\/p>\n","protected":false},"featured_media":27624,"comment_status":"closed","ping_status":"open","template":"","meta":[],"product_brand":[896],"product_cat":[680],"product_tag":[],"class_list":{"0":"post-85499","1":"product","2":"type-product","3":"status-publish","4":"has-post-thumbnail","6":"product_brand-grifos","7":"product_cat-grifos","9":"first","10":"instock","11":"purchasable","12":"product-type-simple"},"_links":{"self":[{"href":"https:\/\/avantarea.com\/fr\/wp-json\/wp\/v2\/product\/85499","targetHints":{"allow":["GET"]}}],"collection":[{"href":"https:\/\/avantarea.com\/fr\/wp-json\/wp\/v2\/product"}],"about":[{"href":"https:\/\/avantarea.com\/fr\/wp-json\/wp\/v2\/types\/product"}],"replies":[{"embeddable":true,"href":"https:\/\/avantarea.com\/fr\/wp-json\/wp\/v2\/comments?post=85499"}],"wp:featuredmedia":[{"embeddable":true,"href":"https:\/\/avantarea.com\/fr\/wp-json\/wp\/v2\/media\/27624"}],"wp:attachment":[{"href":"https:\/\/avantarea.com\/fr\/wp-json\/wp\/v2\/media?parent=85499"}],"wp:term":[{"taxonomy":"product_brand","embeddable":true,"href":"https:\/\/avantarea.com\/fr\/wp-json\/wp\/v2\/product_brand?post=85499"},{"taxonomy":"product_cat","embeddable":true,"href":"https:\/\/avantarea.com\/fr\/wp-json\/wp\/v2\/product_cat?post=85499"},{"taxonomy":"product_tag","embeddable":true,"href":"https:\/\/avantarea.com\/fr\/wp-json\/wp\/v2\/product_tag?post=85499"}],"curies":[{"name":"wp","href":"https:\/\/api.w.org\/{rel}","templated":true}]}}