{"id":85497,"date":"2025-11-05T06:15:06","date_gmt":"2025-11-05T05:15:06","guid":{"rendered":"https:\/\/nueva.avantarea.com\/?post_type=product&#038;p=85497"},"modified":"2026-02-23T07:30:49","modified_gmt":"2026-02-23T06:30:49","slug":"grifo-empotrado-bide-feroe-copia-4","status":"publish","type":"product","link":"https:\/\/avantarea.com\/fr\/producto\/grifo-empotrado-bide-feroe-copia-4\/","title":{"rendered":"ROBINET ENCASTR\u00c9 BIDET F\u00c9RO\u00c9"},"content":{"rendered":"<p>Mitigeur de bidet encastr\u00e9 rond.<br \/>\nLaiton finition chrome.<br \/>\nEau chaude et froide.<br \/>\nPoign\u00e9e 1 position.<br \/>\nFlexible en acier renforc\u00e9.<br \/>\nCorps \u00e0 encastrer directement au mur.<br \/>\nSans bo\u00eete d&rsquo;encastrement.<br \/>\nComprend un bouchon de pr\u00e9montage haute r\u00e9sistance.<\/p>\n","protected":false},"excerpt":{"rendered":"<p>Mitigeur de bidet encastr\u00e9 rond. Laiton finition chrome. Eau chaude et froide. Poign\u00e9e 1 position. Flexible en acier renforc\u00e9. Corps \u00e0 encastrer directement au mur. Sans bo\u00eete d&rsquo;encastrement. Comprend un&#8230;<\/p>\n","protected":false},"featured_media":27642,"comment_status":"closed","ping_status":"open","template":"","meta":[],"product_brand":[896],"product_cat":[680],"product_tag":[],"class_list":{"0":"post-85497","1":"product","2":"type-product","3":"status-publish","4":"has-post-thumbnail","6":"product_brand-grifos","7":"product_cat-grifos","9":"first","10":"instock","11":"purchasable","12":"product-type-simple"},"_links":{"self":[{"href":"https:\/\/avantarea.com\/fr\/wp-json\/wp\/v2\/product\/85497","targetHints":{"allow":["GET"]}}],"collection":[{"href":"https:\/\/avantarea.com\/fr\/wp-json\/wp\/v2\/product"}],"about":[{"href":"https:\/\/avantarea.com\/fr\/wp-json\/wp\/v2\/types\/product"}],"replies":[{"embeddable":true,"href":"https:\/\/avantarea.com\/fr\/wp-json\/wp\/v2\/comments?post=85497"}],"wp:featuredmedia":[{"embeddable":true,"href":"https:\/\/avantarea.com\/fr\/wp-json\/wp\/v2\/media\/27642"}],"wp:attachment":[{"href":"https:\/\/avantarea.com\/fr\/wp-json\/wp\/v2\/media?parent=85497"}],"wp:term":[{"taxonomy":"product_brand","embeddable":true,"href":"https:\/\/avantarea.com\/fr\/wp-json\/wp\/v2\/product_brand?post=85497"},{"taxonomy":"product_cat","embeddable":true,"href":"https:\/\/avantarea.com\/fr\/wp-json\/wp\/v2\/product_cat?post=85497"},{"taxonomy":"product_tag","embeddable":true,"href":"https:\/\/avantarea.com\/fr\/wp-json\/wp\/v2\/product_tag?post=85497"}],"curies":[{"name":"wp","href":"https:\/\/api.w.org\/{rel}","templated":true}]}}