{"id":85495,"date":"2025-11-05T06:15:06","date_gmt":"2025-11-05T05:15:06","guid":{"rendered":"https:\/\/nueva.avantarea.com\/?post_type=product&#038;p=85495"},"modified":"2026-02-23T07:18:28","modified_gmt":"2026-02-23T06:18:28","slug":"grifo-empotrado-bide-feroe-copia-2","status":"publish","type":"product","link":"https:\/\/avantarea.com\/fr\/producto\/grifo-empotrado-bide-feroe-copia-2\/","title":{"rendered":"MITIGEUR ENCASTR\u00c9 BIDET FEROE"},"content":{"rendered":"<p>Mitigeur de bidet rond encastr\u00e9.<br \/>\nLaiton finition or bross\u00e9.<br \/>\nEau froide et chaude.<br \/>\nManette 1 position.<br \/>\nFlexible PVC.<br \/>\nCorps encastr\u00e9 directement au mur.<br \/>\nSans bo\u00eete d&rsquo;encastrement.<br \/>\nComprend un bouchon de pr\u00e9-montage haute r\u00e9sistance.<\/p>\n","protected":false},"excerpt":{"rendered":"<p>Mitigeur de bidet rond encastr\u00e9. Laiton finition or bross\u00e9. Eau froide et chaude. Manette 1 position. Flexible PVC. Corps encastr\u00e9 directement au mur. Sans bo\u00eete d&rsquo;encastrement. Comprend un bouchon de&#8230;<\/p>\n","protected":false},"featured_media":27660,"comment_status":"closed","ping_status":"open","template":"","meta":[],"product_brand":[896],"product_cat":[680],"product_tag":[],"class_list":{"0":"post-85495","1":"product","2":"type-product","3":"status-publish","4":"has-post-thumbnail","6":"product_brand-grifos","7":"product_cat-grifos","9":"first","10":"instock","11":"purchasable","12":"product-type-simple"},"_links":{"self":[{"href":"https:\/\/avantarea.com\/fr\/wp-json\/wp\/v2\/product\/85495","targetHints":{"allow":["GET"]}}],"collection":[{"href":"https:\/\/avantarea.com\/fr\/wp-json\/wp\/v2\/product"}],"about":[{"href":"https:\/\/avantarea.com\/fr\/wp-json\/wp\/v2\/types\/product"}],"replies":[{"embeddable":true,"href":"https:\/\/avantarea.com\/fr\/wp-json\/wp\/v2\/comments?post=85495"}],"wp:featuredmedia":[{"embeddable":true,"href":"https:\/\/avantarea.com\/fr\/wp-json\/wp\/v2\/media\/27660"}],"wp:attachment":[{"href":"https:\/\/avantarea.com\/fr\/wp-json\/wp\/v2\/media?parent=85495"}],"wp:term":[{"taxonomy":"product_brand","embeddable":true,"href":"https:\/\/avantarea.com\/fr\/wp-json\/wp\/v2\/product_brand?post=85495"},{"taxonomy":"product_cat","embeddable":true,"href":"https:\/\/avantarea.com\/fr\/wp-json\/wp\/v2\/product_cat?post=85495"},{"taxonomy":"product_tag","embeddable":true,"href":"https:\/\/avantarea.com\/fr\/wp-json\/wp\/v2\/product_tag?post=85495"}],"curies":[{"name":"wp","href":"https:\/\/api.w.org\/{rel}","templated":true}]}}