{"id":85479,"date":"2025-11-05T06:15:23","date_gmt":"2025-11-05T05:15:23","guid":{"rendered":"https:\/\/nueva.avantarea.com\/?post_type=product&#038;p=85479"},"modified":"2026-02-23T07:17:50","modified_gmt":"2026-02-23T06:17:50","slug":"pack-loire-lavabo-dekton-espejo-circular-copia","status":"publish","type":"product","link":"https:\/\/avantarea.com\/fr\/producto\/pack-loire-lavabo-dekton-espejo-circular-copia\/","title":{"rendered":"Pack LOIRE + lavabo Dekton + miroir circulaire"},"content":{"rendered":"<p>Pack compos\u00e9 d&rsquo;un lavabo suspendu en mat\u00e9riau Dekton de Cosentino, d&rsquo;un meuble et d&rsquo;un miroir au design circulaire.<br \/>\nLavabo suspendu en mat\u00e9riau Dekton. Dekton est une Pierre Technique Ultracompacte, un m\u00e9lange de plus de 20 min\u00e9raux extraits de la nature, exempte de micro-d\u00e9fauts et de porosit\u00e9 quasi nulle. Hautement r\u00e9sistant \u00e0 l&rsquo;abrasion, aux rayures, aux impacts, \u00e0 l&rsquo;eau et aux taches.<br \/>\nMeuble suspendu compos\u00e9 d&rsquo;un module \u00e0 un tiroir, fabriqu\u00e9 en panneau de particules de 19 mm avec rev\u00eatement m\u00e9lamin\u00e9, \u00e9cologique et recyclable. Tiroir m\u00e9tallique \u00e0 double paroi \u00e0 l&rsquo;esth\u00e9tique minimaliste, aux parois fines et aux lignes droites, avec fermeture amortie et une capacit\u00e9 de charge de 25 kg. Tiroir avec accessibilit\u00e9 totale et espace arri\u00e8re disponible.<br \/>\nMiroir au design circulaire inclus. Livr\u00e9 mont\u00e9, pr\u00eat \u00e0 \u00eatre accroch\u00e9 au mur. Comprend toute la quincaillerie n\u00e9cessaire. Fabriqu\u00e9 en Espagne. Robinet et siphon non inclus. La commande est exp\u00e9di\u00e9e en un seul colis qui comprend tous les composants.<\/p>\n","protected":false},"excerpt":{"rendered":"<p>Pack compos\u00e9 d&rsquo;un lavabo suspendu en mat\u00e9riau Dekton de Cosentino, d&rsquo;un meuble et d&rsquo;un miroir au design circulaire. Lavabo suspendu en mat\u00e9riau Dekton. Dekton est une Pierre Technique Ultracompacte, un&#8230;<\/p>\n","protected":false},"featured_media":0,"comment_status":"closed","ping_status":"open","template":"","meta":[],"product_brand":[1025],"product_cat":[511],"product_tag":[],"class_list":{"0":"post-85479","1":"product","2":"type-product","3":"status-publish","5":"product_brand-loire","6":"product_cat-sin-categoria","7":"pa_color-blanco-mate-dekton-marmorio","8":"pa_medidas-370","10":"first","11":"instock","12":"product-type-simple"},"_links":{"self":[{"href":"https:\/\/avantarea.com\/fr\/wp-json\/wp\/v2\/product\/85479","targetHints":{"allow":["GET"]}}],"collection":[{"href":"https:\/\/avantarea.com\/fr\/wp-json\/wp\/v2\/product"}],"about":[{"href":"https:\/\/avantarea.com\/fr\/wp-json\/wp\/v2\/types\/product"}],"replies":[{"embeddable":true,"href":"https:\/\/avantarea.com\/fr\/wp-json\/wp\/v2\/comments?post=85479"}],"wp:attachment":[{"href":"https:\/\/avantarea.com\/fr\/wp-json\/wp\/v2\/media?parent=85479"}],"wp:term":[{"taxonomy":"product_brand","embeddable":true,"href":"https:\/\/avantarea.com\/fr\/wp-json\/wp\/v2\/product_brand?post=85479"},{"taxonomy":"product_cat","embeddable":true,"href":"https:\/\/avantarea.com\/fr\/wp-json\/wp\/v2\/product_cat?post=85479"},{"taxonomy":"product_tag","embeddable":true,"href":"https:\/\/avantarea.com\/fr\/wp-json\/wp\/v2\/product_tag?post=85479"}],"curies":[{"name":"wp","href":"https:\/\/api.w.org\/{rel}","templated":true}]}}