{"id":85462,"date":"2025-11-05T06:15:53","date_gmt":"2025-11-05T05:15:53","guid":{"rendered":"https:\/\/nueva.avantarea.com\/?post_type=product&#038;p=85462"},"modified":"2026-02-25T08:32:27","modified_gmt":"2026-02-25T07:32:27","slug":"pack-luberon-lavabo-espejo-circular-copia","status":"publish","type":"product","link":"https:\/\/avantarea.com\/fr\/producto\/pack-luberon-lavabo-espejo-circular-copia\/","title":{"rendered":"Pack LUB\u00c9RON + lavabo + miroir circulaire"},"content":{"rendered":"<p>Pack compos\u00e9 d&rsquo;un meuble suspendu, d&rsquo;un lavabo et d&rsquo;un miroir design capsule.<br \/>\nMeuble suspendu compos\u00e9 d&rsquo;un module \u00e0 un tiroir, fabriqu\u00e9 en panneau de particules de 19 mm avec rev\u00eatement m\u00e9lamin\u00e9, \u00e9cologique et recyclable. Tiroir m\u00e9tallique \u00e0 double paroi \u00e0 l&rsquo;esth\u00e9tique minimaliste, aux c\u00f4t\u00e9s fins et aux lignes droites, avec fermeture amortie et une capacit\u00e9 de charge de 25 kg. Tiroir \u00e0 accessibilit\u00e9 totale et espace arri\u00e8re disponible.<br \/>\nMiroir design capsule inclus. Lavabo en c\u00e9ramique inclus. Livr\u00e9 mont\u00e9, pr\u00eat \u00e0 \u00eatre fix\u00e9 au mur. La quincaillerie n\u00e9cessaire est incluse. Fabriqu\u00e9 en Espagne. Robinet et siphon non inclus. La commande est exp\u00e9di\u00e9e dans un seul colis qui comprend tous les composants.<\/p>\n","protected":false},"excerpt":{"rendered":"<p>Pack compos\u00e9 d&rsquo;un meuble suspendu, d&rsquo;un lavabo et d&rsquo;un miroir design capsule. Meuble suspendu compos\u00e9 d&rsquo;un module \u00e0 un tiroir, fabriqu\u00e9 en panneau de particules de 19 mm avec rev\u00eatement&#8230;<\/p>\n","protected":false},"featured_media":121455,"comment_status":"closed","ping_status":"closed","template":"","meta":[],"product_brand":[1026],"product_cat":[1179,736,511],"product_tag":[],"class_list":{"0":"post-85462","1":"product","2":"type-product","3":"status-publish","4":"has-post-thumbnail","6":"product_brand-luberon","7":"product_cat-meuble-de-salle-de-bain","9":"product_cat-sin-categoria","10":"pa_color-alcatraz","11":"pa_color-bardolino","12":"pa_color-blanco-mate","13":"pa_color-nogal","14":"pa_medidas-369","15":"pa_medidas-378","16":"pa_medidas-383","17":"pa_medidas-370","18":"pa_tamano-80000-fr","20":"first","21":"instock","22":"purchasable","23":"product-type-variable"},"_links":{"self":[{"href":"https:\/\/avantarea.com\/fr\/wp-json\/wp\/v2\/product\/85462","targetHints":{"allow":["GET"]}}],"collection":[{"href":"https:\/\/avantarea.com\/fr\/wp-json\/wp\/v2\/product"}],"about":[{"href":"https:\/\/avantarea.com\/fr\/wp-json\/wp\/v2\/types\/product"}],"replies":[{"embeddable":true,"href":"https:\/\/avantarea.com\/fr\/wp-json\/wp\/v2\/comments?post=85462"}],"wp:featuredmedia":[{"embeddable":true,"href":"https:\/\/avantarea.com\/fr\/wp-json\/wp\/v2\/media\/121455"}],"wp:attachment":[{"href":"https:\/\/avantarea.com\/fr\/wp-json\/wp\/v2\/media?parent=85462"}],"wp:term":[{"taxonomy":"product_brand","embeddable":true,"href":"https:\/\/avantarea.com\/fr\/wp-json\/wp\/v2\/product_brand?post=85462"},{"taxonomy":"product_cat","embeddable":true,"href":"https:\/\/avantarea.com\/fr\/wp-json\/wp\/v2\/product_cat?post=85462"},{"taxonomy":"product_tag","embeddable":true,"href":"https:\/\/avantarea.com\/fr\/wp-json\/wp\/v2\/product_tag?post=85462"}],"curies":[{"name":"wp","href":"https:\/\/api.w.org\/{rel}","templated":true}]}}