{"id":85441,"date":"2025-11-05T06:16:49","date_gmt":"2025-11-05T05:16:49","guid":{"rendered":"https:\/\/nueva.avantarea.com\/?post_type=product&#038;p=85441"},"modified":"2026-02-25T10:53:55","modified_gmt":"2026-02-25T09:53:55","slug":"pack-vence-lavabo-copia","status":"publish","type":"product","link":"https:\/\/avantarea.com\/fr\/producto\/pack-vence-lavabo-copia\/","title":{"rendered":"Pack VENCE + lavabo"},"content":{"rendered":"<p>Pack compos\u00e9 d&rsquo;un meuble suspendu et d&rsquo;un lavabo<br \/>\nMeuble suspendu compos\u00e9 d&rsquo;un module \u00e0 un tiroir, fabriqu\u00e9 en panneau de particules de 19 mm avec rev\u00eatement m\u00e9lamin\u00e9, \u00e9cologique et recyclable. Tiroir m\u00e9tallique \u00e0 double paroi, \u00e0 l&rsquo;esth\u00e9tique minimaliste, aux flancs fins et aux lignes droites, avec fermeture amortie et une capacit\u00e9 de charge de 25 kg. Tiroir avec accessibilit\u00e9 totale et espace arri\u00e8re disponible.<br \/>\nLavabo en c\u00e9ramique inclus. Livr\u00e9 mont\u00e9, pr\u00eat \u00e0 \u00eatre fix\u00e9 au mur. Comprend toute la quincaillerie n\u00e9cessaire. Fabriqu\u00e9 en Espagne. Miroir, robinet et siphon non inclus. La commande est exp\u00e9di\u00e9e enti\u00e8rement dans un seul colis qui comprend tous les composants.<\/p>\n","protected":false},"excerpt":{"rendered":"<p>Pack compos\u00e9 d&rsquo;un meuble suspendu et d&rsquo;un lavabo Meuble suspendu compos\u00e9 d&rsquo;un module \u00e0 un tiroir, fabriqu\u00e9 en panneau de particules de 19 mm avec rev\u00eatement m\u00e9lamin\u00e9, \u00e9cologique et recyclable&#8230;.<\/p>\n","protected":false},"featured_media":123906,"comment_status":"closed","ping_status":"closed","template":"","meta":[],"product_brand":[1027],"product_cat":[1179],"product_tag":[],"class_list":{"0":"post-85441","1":"product","2":"type-product","3":"status-publish","4":"has-post-thumbnail","6":"product_brand-vence","7":"product_cat-meuble-de-salle-de-bain","8":"pa_color-alcatraz","9":"pa_color-bardolino","10":"pa_color-jotts","11":"pa_color-kubric","12":"pa_color-nogal","13":"pa_medidas-369","14":"pa_medidas-378","15":"pa_medidas-383","16":"pa_medidas-449","17":"pa_medidas-370","18":"pa_tamano-80000-fr","20":"first","21":"instock","22":"purchasable","23":"product-type-variable"},"_links":{"self":[{"href":"https:\/\/avantarea.com\/fr\/wp-json\/wp\/v2\/product\/85441","targetHints":{"allow":["GET"]}}],"collection":[{"href":"https:\/\/avantarea.com\/fr\/wp-json\/wp\/v2\/product"}],"about":[{"href":"https:\/\/avantarea.com\/fr\/wp-json\/wp\/v2\/types\/product"}],"replies":[{"embeddable":true,"href":"https:\/\/avantarea.com\/fr\/wp-json\/wp\/v2\/comments?post=85441"}],"wp:featuredmedia":[{"embeddable":true,"href":"https:\/\/avantarea.com\/fr\/wp-json\/wp\/v2\/media\/123906"}],"wp:attachment":[{"href":"https:\/\/avantarea.com\/fr\/wp-json\/wp\/v2\/media?parent=85441"}],"wp:term":[{"taxonomy":"product_brand","embeddable":true,"href":"https:\/\/avantarea.com\/fr\/wp-json\/wp\/v2\/product_brand?post=85441"},{"taxonomy":"product_cat","embeddable":true,"href":"https:\/\/avantarea.com\/fr\/wp-json\/wp\/v2\/product_cat?post=85441"},{"taxonomy":"product_tag","embeddable":true,"href":"https:\/\/avantarea.com\/fr\/wp-json\/wp\/v2\/product_tag?post=85441"}],"curies":[{"name":"wp","href":"https:\/\/api.w.org\/{rel}","templated":true}]}}