{"id":85418,"date":"2025-12-17T09:30:47","date_gmt":"2025-12-17T08:30:47","guid":{"rendered":"https:\/\/nueva.avantarea.com\/?post_type=product&#038;p=85418"},"modified":"2026-02-25T08:32:50","modified_gmt":"2026-02-25T07:32:50","slug":"pack-clermont-lavabo-espejo-circular-copia","status":"publish","type":"product","link":"https:\/\/avantarea.com\/fr\/producto\/pack-clermont-lavabo-espejo-circular-copia\/","title":{"rendered":"Pack CLERMONT + lavabo + miroir circulaire"},"content":{"rendered":"<p>Pack meuble de salle de bain, lavabo, miroir design circulaire.<br \/>\nMeuble suspendu pour lavabo compos\u00e9 de deux modules enti\u00e8rement ind\u00e9pendants, qui peuvent \u00eatre positionn\u00e9s comme souhait\u00e9, s&rsquo;adaptant \u00e0 tout espace. Fabriqu\u00e9 en panneau stratifi\u00e9 de 19 mm, avec des tiroirs de grande capacit\u00e9, \u00e0 extraction totale et fermeture amortie.<br \/>\nComprend un lavabo \u00e0 poser en c\u00e9ramique de couleur blanche et un miroir design circulaire. Il est livr\u00e9 enti\u00e8rement mont\u00e9 et pr\u00eat \u00e0 \u00eatre fix\u00e9 au mur. Robinet et siphon non inclus. Fabriqu\u00e9 en Espagne. La commande est exp\u00e9di\u00e9e en un seul colis qui comprend tous les composants.<\/p>\n","protected":false},"excerpt":{"rendered":"<p>Pack meuble de salle de bain, lavabo, miroir design circulaire. Meuble suspendu pour lavabo compos\u00e9 de deux modules enti\u00e8rement ind\u00e9pendants, qui peuvent \u00eatre positionn\u00e9s comme souhait\u00e9, s&rsquo;adaptant \u00e0 tout espace&#8230;.<\/p>\n","protected":false},"featured_media":118078,"comment_status":"open","ping_status":"closed","template":"","meta":[],"product_brand":[1029],"product_cat":[571],"product_tag":[],"class_list":{"0":"post-85418","1":"product","2":"type-product","3":"status-publish","4":"has-post-thumbnail","6":"product_brand-clermont","7":"product_cat-mueble-de-bano","9":"first","10":"instock","11":"shipping-taxable","12":"purchasable","13":"product-type-variable"},"_links":{"self":[{"href":"https:\/\/avantarea.com\/fr\/wp-json\/wp\/v2\/product\/85418","targetHints":{"allow":["GET"]}}],"collection":[{"href":"https:\/\/avantarea.com\/fr\/wp-json\/wp\/v2\/product"}],"about":[{"href":"https:\/\/avantarea.com\/fr\/wp-json\/wp\/v2\/types\/product"}],"replies":[{"embeddable":true,"href":"https:\/\/avantarea.com\/fr\/wp-json\/wp\/v2\/comments?post=85418"}],"wp:featuredmedia":[{"embeddable":true,"href":"https:\/\/avantarea.com\/fr\/wp-json\/wp\/v2\/media\/118078"}],"wp:attachment":[{"href":"https:\/\/avantarea.com\/fr\/wp-json\/wp\/v2\/media?parent=85418"}],"wp:term":[{"taxonomy":"product_brand","embeddable":true,"href":"https:\/\/avantarea.com\/fr\/wp-json\/wp\/v2\/product_brand?post=85418"},{"taxonomy":"product_cat","embeddable":true,"href":"https:\/\/avantarea.com\/fr\/wp-json\/wp\/v2\/product_cat?post=85418"},{"taxonomy":"product_tag","embeddable":true,"href":"https:\/\/avantarea.com\/fr\/wp-json\/wp\/v2\/product_tag?post=85418"}],"curies":[{"name":"wp","href":"https:\/\/api.w.org\/{rel}","templated":true}]}}