{"id":85411,"date":"2025-12-17T09:30:50","date_gmt":"2025-12-17T08:30:50","guid":{"rendered":"https:\/\/nueva.avantarea.com\/?post_type=product&#038;p=85411"},"modified":"2026-02-25T08:32:50","modified_gmt":"2026-02-25T07:32:50","slug":"pack-nicea-lavabo-dekton-maina-espejo-led-copia","status":"publish","type":"product","link":"https:\/\/avantarea.com\/fr\/producto\/pack-nicea-lavabo-dekton-maina-espejo-led-copia\/","title":{"rendered":"Pack NICEA + lavabo Dekton Maina + miroir LED"},"content":{"rendered":"<p>Pack compos\u00e9 d&rsquo;un lavabo suspendu en mat\u00e9riau Dekton de Cosentino, d&rsquo;un meuble et d&rsquo;un miroir avec \u00e9clairage LED.<br \/>\nLavabo suspendu en mat\u00e9riau Dekton. Dekton est une Pierre Technique Ultracompacte, un m\u00e9lange de plus de 20 min\u00e9raux extraits de la nature, exempte de microd\u00e9fauts et de porosit\u00e9 quasi nulle. Hautement r\u00e9sistante \u00e0 l&rsquo;abrasion, aux rayures, aux impacts, \u00e0 l&rsquo;eau et aux taches.<br \/>\nMeuble suspendu pour lavabo compos\u00e9 de deux modules compl\u00e8tement ind\u00e9pendants, qui peuvent \u00eatre plac\u00e9s comme souhait\u00e9, s&rsquo;adaptant \u00e0 tout espace. Fabriqu\u00e9 en panneau de particules de 19 mm avec rev\u00eatement m\u00e9lamin\u00e9, \u00e9cologique et recyclable. Tiroir m\u00e9tallique \u00e0 double paroi \u00e0 l&rsquo;esth\u00e9tique minimaliste, aux parois fines et aux lignes droites, avec fermeture amortie et une capacit\u00e9 de charge de 25 kg. Tiroir avec accessibilit\u00e9 totale et espace arri\u00e8re disponible.<br \/>\nMiroir LED inclus, IP44, 14,4W, 1320 lumens et temp\u00e9rature 6000K. Il est livr\u00e9 mont\u00e9, pr\u00eat \u00e0 \u00eatre accroch\u00e9 au mur. Comprend toute la quincaillerie n\u00e9cessaire. Fabriqu\u00e9 en Espagne. Robinet et siphon non inclus. La commande est exp\u00e9di\u00e9e en un seul colis qui comprend tous les composants.<\/p>\n","protected":false},"excerpt":{"rendered":"<p>Pack compos\u00e9 d&rsquo;un lavabo suspendu en mat\u00e9riau Dekton de Cosentino, d&rsquo;un meuble et d&rsquo;un miroir avec \u00e9clairage LED. Lavabo suspendu en mat\u00e9riau Dekton. Dekton est une Pierre Technique Ultracompacte, un&#8230;<\/p>\n","protected":false},"featured_media":118080,"comment_status":"open","ping_status":"closed","template":"","meta":[],"product_brand":[1030],"product_cat":[571],"product_tag":[],"class_list":{"0":"post-85411","1":"product","2":"type-product","3":"status-publish","4":"has-post-thumbnail","6":"product_brand-nicea","7":"product_cat-mueble-de-bano","9":"first","10":"instock","11":"shipping-taxable","12":"purchasable","13":"product-type-variable"},"_links":{"self":[{"href":"https:\/\/avantarea.com\/fr\/wp-json\/wp\/v2\/product\/85411","targetHints":{"allow":["GET"]}}],"collection":[{"href":"https:\/\/avantarea.com\/fr\/wp-json\/wp\/v2\/product"}],"about":[{"href":"https:\/\/avantarea.com\/fr\/wp-json\/wp\/v2\/types\/product"}],"replies":[{"embeddable":true,"href":"https:\/\/avantarea.com\/fr\/wp-json\/wp\/v2\/comments?post=85411"}],"wp:featuredmedia":[{"embeddable":true,"href":"https:\/\/avantarea.com\/fr\/wp-json\/wp\/v2\/media\/118080"}],"wp:attachment":[{"href":"https:\/\/avantarea.com\/fr\/wp-json\/wp\/v2\/media?parent=85411"}],"wp:term":[{"taxonomy":"product_brand","embeddable":true,"href":"https:\/\/avantarea.com\/fr\/wp-json\/wp\/v2\/product_brand?post=85411"},{"taxonomy":"product_cat","embeddable":true,"href":"https:\/\/avantarea.com\/fr\/wp-json\/wp\/v2\/product_cat?post=85411"},{"taxonomy":"product_tag","embeddable":true,"href":"https:\/\/avantarea.com\/fr\/wp-json\/wp\/v2\/product_tag?post=85411"}],"curies":[{"name":"wp","href":"https:\/\/api.w.org\/{rel}","templated":true}]}}