{"id":85401,"date":"2025-12-17T09:30:53","date_gmt":"2025-12-17T08:30:53","guid":{"rendered":"https:\/\/nueva.avantarea.com\/?post_type=product&#038;p=85401"},"modified":"2026-02-25T08:32:50","modified_gmt":"2026-02-25T07:32:50","slug":"pack-isere-lavabo-espejo-circular-copia","status":"publish","type":"product","link":"https:\/\/avantarea.com\/fr\/producto\/pack-isere-lavabo-espejo-circular-copia\/","title":{"rendered":"Pack IS\u00c8RE + lavabo + miroir circulaire"},"content":{"rendered":"<p>Ensemble de salle de bain compos\u00e9 d&rsquo;un meuble suspendu, d&rsquo;une vasque \u00e0 poser et d&rsquo;un miroir circulaire.<br \/>\nMeuble sous-vasque suspendu dot\u00e9 d&rsquo;un espace d\u00e9coratif \u00e9clair\u00e9 par LED. Fabriqu\u00e9 en panneau stratifi\u00e9 de 19 mm, avec tiroirs de grande capacit\u00e9, \u00e0 extraction totale et fermeture amortie.<br \/>\nComprend une vasque \u00e0 poser en c\u00e9ramique en finition blanc brillant et un miroir circulaire. Livr\u00e9 enti\u00e8rement mont\u00e9 et pr\u00eat \u00e0 \u00eatre fix\u00e9 au mur. Robinet et siphon non inclus. Fabriqu\u00e9 en Espagne. La commande est exp\u00e9di\u00e9e enti\u00e8rement dans un seul colis comprenant tous les composants.<\/p>\n","protected":false},"excerpt":{"rendered":"<p>Ensemble de salle de bain compos\u00e9 d&rsquo;un meuble suspendu, d&rsquo;une vasque \u00e0 poser et d&rsquo;un miroir circulaire. Meuble sous-vasque suspendu dot\u00e9 d&rsquo;un espace d\u00e9coratif \u00e9clair\u00e9 par LED. Fabriqu\u00e9 en panneau&#8230;<\/p>\n","protected":false},"featured_media":118079,"comment_status":"open","ping_status":"closed","template":"","meta":[],"product_brand":[1031],"product_cat":[571],"product_tag":[],"class_list":{"0":"post-85401","1":"product","2":"type-product","3":"status-publish","4":"has-post-thumbnail","6":"product_brand-isere","7":"product_cat-mueble-de-bano","9":"first","10":"instock","11":"shipping-taxable","12":"purchasable","13":"product-type-variable"},"_links":{"self":[{"href":"https:\/\/avantarea.com\/fr\/wp-json\/wp\/v2\/product\/85401","targetHints":{"allow":["GET"]}}],"collection":[{"href":"https:\/\/avantarea.com\/fr\/wp-json\/wp\/v2\/product"}],"about":[{"href":"https:\/\/avantarea.com\/fr\/wp-json\/wp\/v2\/types\/product"}],"replies":[{"embeddable":true,"href":"https:\/\/avantarea.com\/fr\/wp-json\/wp\/v2\/comments?post=85401"}],"wp:featuredmedia":[{"embeddable":true,"href":"https:\/\/avantarea.com\/fr\/wp-json\/wp\/v2\/media\/118079"}],"wp:attachment":[{"href":"https:\/\/avantarea.com\/fr\/wp-json\/wp\/v2\/media?parent=85401"}],"wp:term":[{"taxonomy":"product_brand","embeddable":true,"href":"https:\/\/avantarea.com\/fr\/wp-json\/wp\/v2\/product_brand?post=85401"},{"taxonomy":"product_cat","embeddable":true,"href":"https:\/\/avantarea.com\/fr\/wp-json\/wp\/v2\/product_cat?post=85401"},{"taxonomy":"product_tag","embeddable":true,"href":"https:\/\/avantarea.com\/fr\/wp-json\/wp\/v2\/product_tag?post=85401"}],"curies":[{"name":"wp","href":"https:\/\/api.w.org\/{rel}","templated":true}]}}