{"id":85323,"date":"2026-02-04T13:06:13","date_gmt":"2026-02-04T12:06:13","guid":{"rendered":"https:\/\/nueva.avantarea.com\/producto\/pack-chambery-etagere-lavabo-strie-miroir-capsule\/"},"modified":"2026-02-26T14:02:09","modified_gmt":"2026-02-26T13:02:09","slug":"pack-chambery-etagere-lavabo-strie-miroir-capsule","status":"publish","type":"product","link":"https:\/\/avantarea.com\/fr\/producto\/pack-chambery-etagere-lavabo-strie-miroir-capsule\/","title":{"rendered":"Pack CHAMB\u00c9RY + \u00e9tag\u00e8re + lavabo stri\u00e9 + miroir capsule"},"content":{"rendered":"<p>Ensemble compos\u00e9 d&rsquo;un meuble lavabo mural avec \u00e9tag\u00e8re, d&rsquo;un lavabo et d&rsquo;un miroir en forme de capsule.<br \/>\nLe meuble mural est \u00e9quip\u00e9 d&rsquo;un module \u00e0 tiroirs offrant un espace de rangement g\u00e9n\u00e9reux et d&rsquo;une \u00e9tag\u00e8re inf\u00e9rieure dot\u00e9e de supports pour la fixation au mur. Il est fabriqu\u00e9 en panneaux de particules m\u00e9lamin\u00e9s de 19 mm, un mat\u00e9riau \u00e9cologique et recyclable. Son tiroir m\u00e9tallique \u00e0 double paroi pr\u00e9sente un design minimaliste avec des nervures fines et des lignes droites, ainsi qu&rsquo;un syst\u00e8me de fermeture douce et une capacit\u00e9 de charge de 25 kg. Il offre une accessibilit\u00e9 totale et un espace arri\u00e8re pour une plus grande fonctionnalit\u00e9.<br \/>\nLe pack est compl\u00e9t\u00e9 par un miroir en forme de capsule et un lavabo \u00e0 poser. Il est livr\u00e9 assembl\u00e9 et pr\u00eat \u00e0 \u00eatre accroch\u00e9 au mur, avec tout le mat\u00e9riel n\u00e9cessaire \u00e0 son installation. Produit fabriqu\u00e9 en Espagne. *Robinet et siphon non inclus.*<br \/>\nToutes les commandes sont exp\u00e9di\u00e9es dans un seul colis comprenant tous les composants, afin que vous receviez votre produit complet sans d\u00e9lai.<br \/>\nNotre production r\u00e9pond aux normes de qualit\u00e9 les plus \u00e9lev\u00e9es, certifi\u00e9es par la certification ISO 9001 de Bureau Veritas.<br \/>\nNous prenons \u00e9galement soin de l&rsquo;environnement : tous nos produits portent les labels FSC\u00ae et PEFC\u2122, garantissant des for\u00eats durables et un avenir plus vert.<\/p>\n","protected":false},"excerpt":{"rendered":"<p>Ensemble compos\u00e9 d&rsquo;un meuble lavabo mural avec \u00e9tag\u00e8re, d&rsquo;un lavabo et d&rsquo;un miroir en forme de capsule. Le meuble mural est \u00e9quip\u00e9 d&rsquo;un module \u00e0 tiroirs offrant un espace de&#8230;<\/p>\n","protected":false},"featured_media":89810,"comment_status":"open","ping_status":"closed","template":"","meta":[],"product_brand":[862,1034],"product_cat":[736,577],"product_tag":[],"class_list":{"0":"post-85323","1":"product","2":"type-product","3":"status-publish","4":"has-post-thumbnail","6":"product_brand-chambery","8":"product_cat-meuble-de-salle-de-bain","9":"product_cat-muebles-de-bano","11":"first","12":"instock","13":"shipping-taxable","14":"purchasable","15":"product-type-variable"},"_links":{"self":[{"href":"https:\/\/avantarea.com\/fr\/wp-json\/wp\/v2\/product\/85323","targetHints":{"allow":["GET"]}}],"collection":[{"href":"https:\/\/avantarea.com\/fr\/wp-json\/wp\/v2\/product"}],"about":[{"href":"https:\/\/avantarea.com\/fr\/wp-json\/wp\/v2\/types\/product"}],"replies":[{"embeddable":true,"href":"https:\/\/avantarea.com\/fr\/wp-json\/wp\/v2\/comments?post=85323"}],"wp:featuredmedia":[{"embeddable":true,"href":"https:\/\/avantarea.com\/fr\/wp-json\/wp\/v2\/media\/89810"}],"wp:attachment":[{"href":"https:\/\/avantarea.com\/fr\/wp-json\/wp\/v2\/media?parent=85323"}],"wp:term":[{"taxonomy":"product_brand","embeddable":true,"href":"https:\/\/avantarea.com\/fr\/wp-json\/wp\/v2\/product_brand?post=85323"},{"taxonomy":"product_cat","embeddable":true,"href":"https:\/\/avantarea.com\/fr\/wp-json\/wp\/v2\/product_cat?post=85323"},{"taxonomy":"product_tag","embeddable":true,"href":"https:\/\/avantarea.com\/fr\/wp-json\/wp\/v2\/product_tag?post=85323"}],"curies":[{"name":"wp","href":"https:\/\/api.w.org\/{rel}","templated":true}]}}