{"id":85297,"date":"2026-02-04T13:06:09","date_gmt":"2026-02-04T12:06:09","guid":{"rendered":"https:\/\/nueva.avantarea.com\/producto\/pack-lausanne-plan-de-travail-dekton-lavabo-strie-miroir-capsule\/"},"modified":"2026-02-26T14:02:08","modified_gmt":"2026-02-26T13:02:08","slug":"pack-lausanne-plan-de-travail-dekton-lavabo-strie-miroir-capsule","status":"publish","type":"product","link":"https:\/\/avantarea.com\/fr\/producto\/pack-lausanne-plan-de-travail-dekton-lavabo-strie-miroir-capsule\/","title":{"rendered":"Pack LAUSANNE + plan de travail Dekton + lavabo stri\u00e9 + miroir capsule"},"content":{"rendered":"<p>Pack compos\u00e9 d&rsquo;un meuble suspendu pour lavabo, d&rsquo;un plan de travail en Dekton de Cosentino, d&rsquo;un lavabo et d&rsquo;un miroir design capsule.<br \/>\nPlan de travail en mat\u00e9riau Dekton. Dekton est une pierre technique ultra-compacte, un m\u00e9lange de plus de 20 min\u00e9raux extraits de la nature, exempt de micro-d\u00e9fauts et presque sans porosit\u00e9. Tr\u00e8s r\u00e9sistant \u00e0 l&rsquo;abrasion, aux rayures, aux chocs, \u00e0 l&rsquo;eau et aux taches.<br \/>\nMeuble suspendu compos\u00e9 de deux tiroirs. Meuble fabriqu\u00e9 en panneaux de particules de 19 mm avec rev\u00eatement m\u00e9lamin\u00e9, \u00e9cologique et recyclable. Tiroir m\u00e9tallique \u00e0 double paroi d&rsquo;esth\u00e9tique minimaliste, \u00e0 nervures fines et lignes droites, avec fermeture amortie et une capacit\u00e9 de charge de 25 kg. Tiroir avec accessibilit\u00e9 totale et espace arri\u00e8re disponible.<br \/>\nMiroir design capsule inclus. Lavabo \u00e0 poser en c\u00e9ramique inclus. Livr\u00e9 mont\u00e9, pr\u00eat \u00e0 \u00eatre accroch\u00e9 au mur. Comprend toute la quincaillerie n\u00e9cessaire. Fabriqu\u00e9 en Espagne. Robinet et siphon non inclus.<br \/>\nToutes les commandes sont exp\u00e9di\u00e9es dans un seul colis comprenant tous les composants, afin que vous receviez votre produit complet sans d\u00e9lai.<br \/>\nNotre production r\u00e9pond aux normes de qualit\u00e9 les plus \u00e9lev\u00e9es, certifi\u00e9es par la certification ISO 9001 de Bureau Veritas.<br \/>\nDe plus, nous prenons soin de l&rsquo;environnement : tous nos produits sont certifi\u00e9s FSC\u00ae et PEFC\u2122, garantissant des for\u00eats durables et un avenir plus vert.<\/p>\n","protected":false},"excerpt":{"rendered":"<p>Pack compos\u00e9 d&rsquo;un meuble suspendu pour lavabo, d&rsquo;un plan de travail en Dekton de Cosentino, d&rsquo;un lavabo et d&rsquo;un miroir design capsule. Plan de travail en mat\u00e9riau Dekton. Dekton est&#8230;<\/p>\n","protected":false},"featured_media":89432,"comment_status":"open","ping_status":"closed","template":"","meta":[],"product_brand":[1033],"product_cat":[1170],"product_tag":[],"class_list":{"0":"post-85297","1":"product","2":"type-product","3":"status-publish","4":"has-post-thumbnail","6":"product_brand-lausanne","7":"product_cat-muebles-de-bano","9":"first","10":"instock","11":"shipping-taxable","12":"purchasable","13":"product-type-variable"},"_links":{"self":[{"href":"https:\/\/avantarea.com\/fr\/wp-json\/wp\/v2\/product\/85297","targetHints":{"allow":["GET"]}}],"collection":[{"href":"https:\/\/avantarea.com\/fr\/wp-json\/wp\/v2\/product"}],"about":[{"href":"https:\/\/avantarea.com\/fr\/wp-json\/wp\/v2\/types\/product"}],"replies":[{"embeddable":true,"href":"https:\/\/avantarea.com\/fr\/wp-json\/wp\/v2\/comments?post=85297"}],"wp:featuredmedia":[{"embeddable":true,"href":"https:\/\/avantarea.com\/fr\/wp-json\/wp\/v2\/media\/89432"}],"wp:attachment":[{"href":"https:\/\/avantarea.com\/fr\/wp-json\/wp\/v2\/media?parent=85297"}],"wp:term":[{"taxonomy":"product_brand","embeddable":true,"href":"https:\/\/avantarea.com\/fr\/wp-json\/wp\/v2\/product_brand?post=85297"},{"taxonomy":"product_cat","embeddable":true,"href":"https:\/\/avantarea.com\/fr\/wp-json\/wp\/v2\/product_cat?post=85297"},{"taxonomy":"product_tag","embeddable":true,"href":"https:\/\/avantarea.com\/fr\/wp-json\/wp\/v2\/product_tag?post=85297"}],"curies":[{"name":"wp","href":"https:\/\/api.w.org\/{rel}","templated":true}]}}