{"id":85274,"date":"2026-02-04T13:06:06","date_gmt":"2026-02-04T12:06:06","guid":{"rendered":"https:\/\/nueva.avantarea.com\/producto\/pack-garonne-lavabo-2\/"},"modified":"2026-02-26T14:02:07","modified_gmt":"2026-02-26T13:02:07","slug":"pack-garonne-lavabo-2","status":"publish","type":"product","link":"https:\/\/avantarea.com\/fr\/producto\/pack-garonne-lavabo-2\/","title":{"rendered":"Pack GARONNE + lavabo"},"content":{"rendered":"<p>Ensemble meuble de salle de bain et lavabo.<br \/>\nMeuble suspendu pour lavabo compos\u00e9 d&rsquo;un module \u00e0 deux tiroirs. Fabriqu\u00e9 en panneau stratifi\u00e9 de 19 mm, avec des tiroirs de grande capacit\u00e9, \u00e0 extraction totale et fermeture douce. Tiroir m\u00e9tallique \u00e0 double paroi d&rsquo;esth\u00e9tique minimaliste, \u00e0 nervures fines et lignes droites, avec fermeture amortie et capacit\u00e9 de charge de 25 kg. Tiroir enti\u00e8rement accessible et espace arri\u00e8re disponible.<br \/>\nComprend un lavabo en c\u00e9ramique blanche. Livr\u00e9 enti\u00e8rement mont\u00e9 et pr\u00eat \u00e0 \u00eatre accroch\u00e9 au mur. Miroir, robinet et siphon non inclus. Fabriqu\u00e9 en Espagne.<br \/>\nToutes les commandes sont exp\u00e9di\u00e9es dans un seul colis comprenant tous les composants, afin que vous receviez votre produit complet sans d\u00e9lai.<br \/>\nNotre production r\u00e9pond aux normes de qualit\u00e9 les plus \u00e9lev\u00e9es, certifi\u00e9es par la certification ISO 9001 de Bureau Veritas.<br \/>\nDe plus, nous prenons soin de l&rsquo;environnement : tous nos produits sont certifi\u00e9s FSC\u00ae et PEFC\u2122, garantissant des for\u00eats durables et un avenir plus vert.<\/p>\n","protected":false},"excerpt":{"rendered":"<p>Ensemble meuble de salle de bain et lavabo. Meuble suspendu pour lavabo compos\u00e9 d&rsquo;un module \u00e0 deux tiroirs. Fabriqu\u00e9 en panneau stratifi\u00e9 de 19 mm, avec des tiroirs de grande&#8230;<\/p>\n","protected":false},"featured_media":88885,"comment_status":"open","ping_status":"closed","template":"","meta":[],"product_brand":[1032],"product_cat":[1170],"product_tag":[],"class_list":{"0":"post-85274","1":"product","2":"type-product","3":"status-publish","4":"has-post-thumbnail","6":"product_brand-garonne","7":"product_cat-muebles-de-bano","9":"first","10":"instock","11":"shipping-taxable","12":"purchasable","13":"product-type-variable"},"_links":{"self":[{"href":"https:\/\/avantarea.com\/fr\/wp-json\/wp\/v2\/product\/85274","targetHints":{"allow":["GET"]}}],"collection":[{"href":"https:\/\/avantarea.com\/fr\/wp-json\/wp\/v2\/product"}],"about":[{"href":"https:\/\/avantarea.com\/fr\/wp-json\/wp\/v2\/types\/product"}],"replies":[{"embeddable":true,"href":"https:\/\/avantarea.com\/fr\/wp-json\/wp\/v2\/comments?post=85274"}],"wp:featuredmedia":[{"embeddable":true,"href":"https:\/\/avantarea.com\/fr\/wp-json\/wp\/v2\/media\/88885"}],"wp:attachment":[{"href":"https:\/\/avantarea.com\/fr\/wp-json\/wp\/v2\/media?parent=85274"}],"wp:term":[{"taxonomy":"product_brand","embeddable":true,"href":"https:\/\/avantarea.com\/fr\/wp-json\/wp\/v2\/product_brand?post=85274"},{"taxonomy":"product_cat","embeddable":true,"href":"https:\/\/avantarea.com\/fr\/wp-json\/wp\/v2\/product_cat?post=85274"},{"taxonomy":"product_tag","embeddable":true,"href":"https:\/\/avantarea.com\/fr\/wp-json\/wp\/v2\/product_tag?post=85274"}],"curies":[{"name":"wp","href":"https:\/\/api.w.org\/{rel}","templated":true}]}}