{"id":124823,"date":"2026-05-11T15:26:39","date_gmt":"2026-05-11T13:26:39","guid":{"rendered":"https:\/\/avantarea.com\/producto\/ensemble-limagne-vasque\/"},"modified":"2026-05-11T15:26:41","modified_gmt":"2026-05-11T13:26:41","slug":"ensemble-limagne-vasque","status":"publish","type":"product","link":"https:\/\/avantarea.com\/fr\/producto\/ensemble-limagne-vasque\/","title":{"rendered":"Ensemble LIMAGNE + vasque"},"content":{"rendered":"<p>Ensemble comprenant un meuble-lavabo et une vasque.<\/p>\n<p>Meuble-lavabo avec tiroir \u00e0 ouverture par poign\u00e9e noire mate. Grand espace de rangement.<\/p>\n<p>Fabriqu\u00e9 en panneaux de particules de 19 mm avec rev\u00eatement m\u00e9lamin\u00e9 et finitions de surface optimales, \u00e9cologique et recyclable.<\/p>\n<p>Supports de fixation avec syst\u00e8me anti-affaissement.<\/p>\n<p>Tiroir m\u00e9tallique \u00e0 double paroi au design minimaliste, caract\u00e9ris\u00e9 par de fines nervures et des lignes droites. Capacit\u00e9 de charge de 25 kg, accessibilit\u00e9 totale et grand espace de rangement \u00e0 l&rsquo;arri\u00e8re.<\/p>\n<p>M\u00e9canisme de fermeture amortie pour une dur\u00e9e de vie prolong\u00e9e et un fonctionnement silencieux.<\/p>\n<p>Vasque \u00e0 poser en c\u00e9ramique. Durable et facile \u00e0 nettoyer.<\/p>\n<p>Installation facile\u00a0: le meuble est livr\u00e9 assembl\u00e9 et pr\u00eat \u00e0 \u00eatre fix\u00e9 au mur. Kit de fixation inclus.<\/p>\n<p>Robinet et bonde non inclus.<\/p>\n<p>Fabriqu\u00e9 en Espagne.<\/p>\n<p>Toutes les commandes sont exp\u00e9di\u00e9es dans un seul colis contenant tous les composants, vous garantissant une r\u00e9ception rapide de votre produit complet. Notre production r\u00e9pond aux normes de qualit\u00e9 les plus exigeantes, certifi\u00e9es ISO 9001 par Bureau Veritas.<\/p>\n<p>De plus, nous avons \u00e0 c\u0153ur la protection de l&rsquo;environnement : tous nos produits portent les labels FSC\u00ae et PEFC\u2122, garantissant des for\u00eats durables et un avenir plus vert.<\/p>\n","protected":false},"excerpt":{"rendered":"<p>Ensemble comprenant un meuble-lavabo et une vasque. Meuble-lavabo avec tiroir \u00e0 ouverture par poign\u00e9e noire mate. Grand espace de rangement. Fabriqu\u00e9 en panneaux de particules de 19 mm avec rev\u00eatement&#8230;<\/p>\n","protected":false},"featured_media":0,"comment_status":"open","ping_status":"closed","template":"","meta":[],"product_brand":[1243],"product_cat":[1170,1163],"product_tag":[],"class_list":{"0":"post-124823","1":"product","2":"type-product","3":"status-publish","5":"product_brand-limagne","6":"product_cat-muebles-de-bano","7":"product_cat-meubles-de-salle-de-bain","8":"pa_colores-alcatraz","9":"pa_colores-bardolino","10":"pa_colores-noyer","11":"pa_medidas-369","12":"pa_medidas-378","13":"pa_medidas-370","15":"first","16":"instock","17":"shipping-taxable","18":"product-type-variable"},"_links":{"self":[{"href":"https:\/\/avantarea.com\/fr\/wp-json\/wp\/v2\/product\/124823","targetHints":{"allow":["GET"]}}],"collection":[{"href":"https:\/\/avantarea.com\/fr\/wp-json\/wp\/v2\/product"}],"about":[{"href":"https:\/\/avantarea.com\/fr\/wp-json\/wp\/v2\/types\/product"}],"replies":[{"embeddable":true,"href":"https:\/\/avantarea.com\/fr\/wp-json\/wp\/v2\/comments?post=124823"}],"wp:attachment":[{"href":"https:\/\/avantarea.com\/fr\/wp-json\/wp\/v2\/media?parent=124823"}],"wp:term":[{"taxonomy":"product_brand","embeddable":true,"href":"https:\/\/avantarea.com\/fr\/wp-json\/wp\/v2\/product_brand?post=124823"},{"taxonomy":"product_cat","embeddable":true,"href":"https:\/\/avantarea.com\/fr\/wp-json\/wp\/v2\/product_cat?post=124823"},{"taxonomy":"product_tag","embeddable":true,"href":"https:\/\/avantarea.com\/fr\/wp-json\/wp\/v2\/product_tag?post=124823"}],"curies":[{"name":"wp","href":"https:\/\/api.w.org\/{rel}","templated":true}]}}