{"id":124780,"date":"2026-05-11T15:26:32","date_gmt":"2026-05-11T13:26:32","guid":{"rendered":"https:\/\/avantarea.com\/producto\/ensemble-rochelle-plan-de-travail-dekton-vasque-cannelee\/"},"modified":"2026-05-11T15:26:41","modified_gmt":"2026-05-11T13:26:41","slug":"ensemble-rochelle-plan-de-travail-dekton-vasque-cannelee","status":"publish","type":"product","link":"https:\/\/avantarea.com\/fr\/producto\/ensemble-rochelle-plan-de-travail-dekton-vasque-cannelee\/","title":{"rendered":"Ensemble ROCHELLE + plan de travail Dekton + vasque cannel\u00e9e"},"content":{"rendered":"<p>Ensemble comprenant un meuble vasque suspendu, un plan de travail Cosentino Dekton et une vasque.<\/p>\n<p>Plan de travail Dekton. Le Dekton est une pierre reconstitu\u00e9e ultracompacte, compos\u00e9e d&rsquo;un m\u00e9lange de plus de 20 min\u00e9raux naturels, sans micro-d\u00e9fauts et d&rsquo;une porosit\u00e9 quasi nulle. Il est tr\u00e8s r\u00e9sistant \u00e0 l&rsquo;abrasion, aux rayures, aux chocs, \u00e0 l&rsquo;eau et aux taches.<\/p>\n<p>Meuble vasque suspendu avec un tiroir. Fabriqu\u00e9 en panneaux de particules de 19 mm avec rev\u00eatement m\u00e9lamin\u00e9, \u00e9cologique et recyclable. Tiroir m\u00e9tallique \u00e0 double paroi au design minimaliste, avec nervures fines et lignes droites, syst\u00e8me de fermeture amortie et capacit\u00e9 de charge de 25 kg. Tiroir enti\u00e8rement accessible et offrant un grand espace de rangement. Vasque en c\u00e9ramique incluse. Livr\u00e9 mont\u00e9, pr\u00eat \u00e0 \u00eatre fix\u00e9 au mur. Quincaillerie incluse. Fabriqu\u00e9 en Espagne. Robinetterie et bonde non incluses. Toutes les commandes sont exp\u00e9di\u00e9es dans un seul colis contenant tous les composants, pour une livraison rapide et sans d\u00e9lai. Notre production r\u00e9pond aux normes de qualit\u00e9 les plus exigeantes, certifi\u00e9es ISO 9001 par Bureau Veritas. De plus, nous avons \u00e0 c\u0153ur la protection de l&rsquo;environnement : tous nos produits portent les labels FSC\u00ae et PEFC\u2122, garantissant des for\u00eats durables et un avenir plus vert.<\/p>\n","protected":false},"excerpt":{"rendered":"<p>Ensemble comprenant un meuble vasque suspendu, un plan de travail Cosentino Dekton et une vasque. Plan de travail Dekton. Le Dekton est une pierre reconstitu\u00e9e ultracompacte, compos\u00e9e d&rsquo;un m\u00e9lange de&#8230;<\/p>\n","protected":false},"featured_media":0,"comment_status":"open","ping_status":"closed","template":"","meta":[],"product_brand":[1239],"product_cat":[1170,1163],"product_tag":[],"class_list":{"0":"post-124780","1":"product","2":"type-product","3":"status-publish","5":"product_brand-rochelle","6":"product_cat-muebles-de-bano","7":"product_cat-meubles-de-salle-de-bain","8":"pa_colores-bardolino","9":"pa_colores-blanc-mat","10":"pa_colores-jais","11":"pa_colores-noyer","12":"pa_medidas-378","13":"pa_medidas-383","14":"pa_medidas-370","16":"first","17":"instock","18":"shipping-taxable","19":"product-type-variable"},"_links":{"self":[{"href":"https:\/\/avantarea.com\/fr\/wp-json\/wp\/v2\/product\/124780","targetHints":{"allow":["GET"]}}],"collection":[{"href":"https:\/\/avantarea.com\/fr\/wp-json\/wp\/v2\/product"}],"about":[{"href":"https:\/\/avantarea.com\/fr\/wp-json\/wp\/v2\/types\/product"}],"replies":[{"embeddable":true,"href":"https:\/\/avantarea.com\/fr\/wp-json\/wp\/v2\/comments?post=124780"}],"wp:attachment":[{"href":"https:\/\/avantarea.com\/fr\/wp-json\/wp\/v2\/media?parent=124780"}],"wp:term":[{"taxonomy":"product_brand","embeddable":true,"href":"https:\/\/avantarea.com\/fr\/wp-json\/wp\/v2\/product_brand?post=124780"},{"taxonomy":"product_cat","embeddable":true,"href":"https:\/\/avantarea.com\/fr\/wp-json\/wp\/v2\/product_cat?post=124780"},{"taxonomy":"product_tag","embeddable":true,"href":"https:\/\/avantarea.com\/fr\/wp-json\/wp\/v2\/product_tag?post=124780"}],"curies":[{"name":"wp","href":"https:\/\/api.w.org\/{rel}","templated":true}]}}