{"id":124757,"date":"2026-05-11T15:26:28","date_gmt":"2026-05-11T13:26:28","guid":{"rendered":"https:\/\/avantarea.com\/producto\/ensemble-nanterre-vasque-cannelee\/"},"modified":"2026-05-11T15:26:41","modified_gmt":"2026-05-11T13:26:41","slug":"ensemble-nanterre-vasque-cannelee","status":"publish","type":"product","link":"https:\/\/avantarea.com\/fr\/producto\/ensemble-nanterre-vasque-cannelee\/","title":{"rendered":"Ensemble NANTERRE + Vasque cannel\u00e9e"},"content":{"rendered":"<p>Meuble vasque avec vasque cannel\u00e9e. Ce meuble comprend deux tiroirs et une porte lat\u00e9rale. Fabriqu\u00e9 en panneaux de particules de 19 mm avec rev\u00eatement m\u00e9lamin\u00e9 et finitions de surface optimales, il est \u00e9cologique et recyclable. Il est \u00e9quip\u00e9 de crochets avec syst\u00e8me anti-affaissement. Le tiroir m\u00e9tallique \u00e0 double paroi pr\u00e9sente une esth\u00e9tique minimaliste, avec des nervures fines et des lignes droites, un m\u00e9canisme de fermeture amortie, une capacit\u00e9 de charge de 25 kg, une accessibilit\u00e9 totale et un espace de rangement g\u00e9n\u00e9reux. Les charni\u00e8res nickel\u00e9es sont \u00e9quip\u00e9es d&rsquo;un piston \u00e0 fermeture amortie. Les pieds d\u00e9coratifs sont finis en noir mat. Une vasque \u00e0 poser en c\u00e9ramique est incluse. Le meuble est livr\u00e9 mont\u00e9 et pr\u00eat \u00e0 \u00eatre fix\u00e9 au mur. Un kit de fixation est fourni. Robinetterie et bonde non incluses. Fabriqu\u00e9 en Espagne.Toutes les commandes sont exp\u00e9di\u00e9es dans un seul colis contenant tous les composants, vous garantissant une r\u00e9ception rapide de votre produit complet. Notre production r\u00e9pond aux normes de qualit\u00e9 les plus exigeantes, certifi\u00e9es ISO 9001 par Bureau Veritas. De plus, nous avons \u00e0 c\u0153ur la protection de l&rsquo;environnement : tous nos produits portent les labels FSC\u00ae et PEFC\u2122, garantissant des for\u00eats durables et un avenir plus vert.<\/p>\n","protected":false},"excerpt":{"rendered":"<p>Meuble vasque avec vasque cannel\u00e9e. Ce meuble comprend deux tiroirs et une porte lat\u00e9rale. Fabriqu\u00e9 en panneaux de particules de 19 mm avec rev\u00eatement m\u00e9lamin\u00e9 et finitions de surface optimales,&#8230;<\/p>\n","protected":false},"featured_media":0,"comment_status":"open","ping_status":"closed","template":"","meta":[],"product_brand":[1233],"product_cat":[1170,1163],"product_tag":[],"class_list":{"0":"post-124757","1":"product","2":"type-product","3":"status-publish","5":"product_brand-nanterre","6":"product_cat-muebles-de-bano","7":"product_cat-meubles-de-salle-de-bain","8":"pa_colores-bardolino","9":"pa_colores-jais","10":"pa_colores-noyer","11":"pa_medidas-369","12":"pa_medidas-378","13":"pa_medidas-370","15":"first","16":"instock","17":"shipping-taxable","18":"product-type-variable"},"_links":{"self":[{"href":"https:\/\/avantarea.com\/fr\/wp-json\/wp\/v2\/product\/124757","targetHints":{"allow":["GET"]}}],"collection":[{"href":"https:\/\/avantarea.com\/fr\/wp-json\/wp\/v2\/product"}],"about":[{"href":"https:\/\/avantarea.com\/fr\/wp-json\/wp\/v2\/types\/product"}],"replies":[{"embeddable":true,"href":"https:\/\/avantarea.com\/fr\/wp-json\/wp\/v2\/comments?post=124757"}],"wp:attachment":[{"href":"https:\/\/avantarea.com\/fr\/wp-json\/wp\/v2\/media?parent=124757"}],"wp:term":[{"taxonomy":"product_brand","embeddable":true,"href":"https:\/\/avantarea.com\/fr\/wp-json\/wp\/v2\/product_brand?post=124757"},{"taxonomy":"product_cat","embeddable":true,"href":"https:\/\/avantarea.com\/fr\/wp-json\/wp\/v2\/product_cat?post=124757"},{"taxonomy":"product_tag","embeddable":true,"href":"https:\/\/avantarea.com\/fr\/wp-json\/wp\/v2\/product_tag?post=124757"}],"curies":[{"name":"wp","href":"https:\/\/api.w.org\/{rel}","templated":true}]}}