{"id":118970,"date":"2026-03-04T15:41:10","date_gmt":"2026-03-04T14:41:10","guid":{"rendered":"https:\/\/avantarea.com\/producto\/ensemble-lorraine-vasque-miroir-capsule-2\/"},"modified":"2026-03-04T15:41:15","modified_gmt":"2026-03-04T14:41:15","slug":"ensemble-lorraine-vasque-miroir-capsule-2","status":"publish","type":"product","link":"https:\/\/avantarea.com\/fr\/producto\/ensemble-lorraine-vasque-miroir-capsule-2\/","title":{"rendered":"Ensemble LORRAINE + vasque + miroir capsule"},"content":{"rendered":"<p>Cet ensemble comprend un meuble vasque suspendu, une vasque en pierre fritt\u00e9e et un miroir capsule. La vasque suspendue est fabriqu\u00e9e en pierre fritt\u00e9e, un mat\u00e9riau de pointe alliant design et r\u00e9sistance maximale. Sa composition min\u00e9rale, soumise \u00e0 de hautes temp\u00e9ratures, garantit une structure compacte, non poreuse et extr\u00eamement durable. Le meuble vasque suspendu est dot\u00e9 d&rsquo;un module de tiroirs offrant un espace de rangement g\u00e9n\u00e9reux. La fa\u00e7ade est en noyer naturel, caract\u00e9ris\u00e9 par son grain \u00e9l\u00e9gant et sa teinte chaude et profonde. Elle apporte sophistication et \u00e9quilibre au meuble, en faisant un choix intemporel pour les salles de bains contemporaines. Le reste du meuble est r\u00e9alis\u00e9 en panneaux de particules de 19 mm avec rev\u00eatement m\u00e9lamin\u00e9, un mat\u00e9riau \u00e9cologique et recyclable. Son tiroir m\u00e9tallique \u00e0 double paroi pr\u00e9sente un design minimaliste aux fines nervures et aux lignes droites, ainsi qu&rsquo;un syst\u00e8me de fermeture amortie et une capacit\u00e9 de charge de 25 kg. Il offre une accessibilit\u00e9 totale et un espace g\u00e9n\u00e9reux \u00e0 l&rsquo;arri\u00e8re pour une fonctionnalit\u00e9 accrue. L&rsquo;ensemble est compl\u00e9t\u00e9 par un miroir capsule. Il est livr\u00e9 assembl\u00e9 et pr\u00eat \u00e0 \u00eatre fix\u00e9 au mur, avec tous les accessoires n\u00e9cessaires. Quincaillerie incluse. Pour l&rsquo;installation. Produit fabriqu\u00e9 en Espagne. *Robinet et siphon non inclus.*<br \/>\nToutes les commandes sont exp\u00e9di\u00e9es dans un seul colis contenant tous les composants, vous garantissant ainsi une livraison rapide et compl\u00e8te.<br \/>\nNotre production r\u00e9pond aux normes de qualit\u00e9 les plus exigeantes, attest\u00e9es par la certification ISO 9001 de Bureau Veritas.<br \/>\nDe plus, nous avons \u00e0 c\u0153ur la protection de l&rsquo;environnement\u00a0: tous nos produits sont certifi\u00e9s FSC\u00ae et PEFC\u2122, garantissant une gestion durable des for\u00eats et un avenir plus vert.<\/p>\n","protected":false},"excerpt":{"rendered":"<p>Cet ensemble comprend un meuble vasque suspendu, une vasque en pierre fritt\u00e9e et un miroir capsule. La vasque suspendue est fabriqu\u00e9e en pierre fritt\u00e9e, un mat\u00e9riau de pointe alliant design&#8230;<\/p>\n","protected":false},"featured_media":119922,"comment_status":"open","ping_status":"closed","template":"","meta":[],"product_brand":[1169],"product_cat":[1170],"product_tag":[],"class_list":{"0":"post-118970","1":"product","2":"type-product","3":"status-publish","4":"has-post-thumbnail","6":"product_brand-lorraine","7":"product_cat-muebles-de-bano","9":"first","10":"instock","11":"shipping-taxable","12":"purchasable","13":"product-type-variable"},"_links":{"self":[{"href":"https:\/\/avantarea.com\/fr\/wp-json\/wp\/v2\/product\/118970","targetHints":{"allow":["GET"]}}],"collection":[{"href":"https:\/\/avantarea.com\/fr\/wp-json\/wp\/v2\/product"}],"about":[{"href":"https:\/\/avantarea.com\/fr\/wp-json\/wp\/v2\/types\/product"}],"replies":[{"embeddable":true,"href":"https:\/\/avantarea.com\/fr\/wp-json\/wp\/v2\/comments?post=118970"}],"wp:featuredmedia":[{"embeddable":true,"href":"https:\/\/avantarea.com\/fr\/wp-json\/wp\/v2\/media\/119922"}],"wp:attachment":[{"href":"https:\/\/avantarea.com\/fr\/wp-json\/wp\/v2\/media?parent=118970"}],"wp:term":[{"taxonomy":"product_brand","embeddable":true,"href":"https:\/\/avantarea.com\/fr\/wp-json\/wp\/v2\/product_brand?post=118970"},{"taxonomy":"product_cat","embeddable":true,"href":"https:\/\/avantarea.com\/fr\/wp-json\/wp\/v2\/product_cat?post=118970"},{"taxonomy":"product_tag","embeddable":true,"href":"https:\/\/avantarea.com\/fr\/wp-json\/wp\/v2\/product_tag?post=118970"}],"curies":[{"name":"wp","href":"https:\/\/api.w.org\/{rel}","templated":true}]}}