{"id":118846,"date":"2026-03-04T15:40:40","date_gmt":"2026-03-04T14:40:40","guid":{"rendered":"https:\/\/avantarea.com\/producto\/ensemble-origine-petralignum-vasque-miroir-led\/"},"modified":"2026-03-04T15:41:16","modified_gmt":"2026-03-04T14:41:16","slug":"ensemble-origine-petralignum-vasque-miroir-led","status":"publish","type":"product","link":"https:\/\/avantarea.com\/fr\/producto\/ensemble-origine-petralignum-vasque-miroir-led\/","title":{"rendered":"Ensemble ORIGINE PETRALIGNUM + vasque + miroir LED"},"content":{"rendered":"<p>Ensemble comprenant un meuble vasque suspendu, une vasque en pierre fritt\u00e9e et un miroir \u00e0 \u00e9clairage LED. La vasque suspendue est fabriqu\u00e9e en pierre fritt\u00e9e, un mat\u00e9riau de pointe alliant design et r\u00e9sistance maximale. Sa composition min\u00e9rale, soumise \u00e0 de hautes temp\u00e9ratures, garantit une structure compacte, non poreuse et extr\u00eamement durable. Le meuble vasque suspendu est dot\u00e9 d&rsquo;un module \u00e0 tiroirs offrant un grand espace de rangement. Il est fabriqu\u00e9 en panneaux de particules de 19 mm avec rev\u00eatement m\u00e9lamin\u00e9, un mat\u00e9riau \u00e9cologique et recyclable. Son tiroir m\u00e9tallique \u00e0 double paroi pr\u00e9sente un design minimaliste avec des nervures fines et des lignes droites, ainsi qu&rsquo;un syst\u00e8me de fermeture amortie et une capacit\u00e9 de charge de 25 kg. Il offre une accessibilit\u00e9 totale et un espace g\u00e9n\u00e9reux \u00e0 l&rsquo;arri\u00e8re pour une fonctionnalit\u00e9 accrue. L&rsquo;ensemble est compl\u00e9t\u00e9 par un miroir \u00e0 LED (IP44, 14,4 W, 1320 lumens, temp\u00e9rature de couleur 6000 K). Il est livr\u00e9 assembl\u00e9 et pr\u00eat \u00e0 \u00eatre fix\u00e9 au mur, avec toute la quincaillerie n\u00e9cessaire \u00e0 l&rsquo;installation. Produit fabriqu\u00e9 en Espagne. *Robinet et bonde non inclus Inclus.* Les commandes sont exp\u00e9di\u00e9es dans un seul colis contenant tous les composants, vous assurant ainsi de recevoir votre produit complet sans d\u00e9lai.<br \/>\nNotre production respecte les normes de qualit\u00e9 les plus strictes, attest\u00e9es par la certification ISO 9001 de Bureau Veritas.<br \/>\nDe plus, nous sommes engag\u00e9s en faveur de l&rsquo;environnement\u00a0: tous nos produits portent les labels FSC\u00ae et PEFC\u2122, garantissant une gestion durable des for\u00eats et un avenir plus vert.<\/p>\n","protected":false},"excerpt":{"rendered":"<p>Ensemble comprenant un meuble vasque suspendu, une vasque en pierre fritt\u00e9e et un miroir \u00e0 \u00e9clairage LED. La vasque suspendue est fabriqu\u00e9e en pierre fritt\u00e9e, un mat\u00e9riau de pointe alliant&#8230;<\/p>\n","protected":false},"featured_media":124481,"comment_status":"open","ping_status":"closed","template":"","meta":[],"product_brand":[1166],"product_cat":[1170],"product_tag":[],"class_list":{"0":"post-118846","1":"product","2":"type-product","3":"status-publish","4":"has-post-thumbnail","6":"product_brand-origine","7":"product_cat-muebles-de-bano","9":"first","10":"instock","11":"shipping-taxable","12":"purchasable","13":"product-type-variable"},"_links":{"self":[{"href":"https:\/\/avantarea.com\/fr\/wp-json\/wp\/v2\/product\/118846","targetHints":{"allow":["GET"]}}],"collection":[{"href":"https:\/\/avantarea.com\/fr\/wp-json\/wp\/v2\/product"}],"about":[{"href":"https:\/\/avantarea.com\/fr\/wp-json\/wp\/v2\/types\/product"}],"replies":[{"embeddable":true,"href":"https:\/\/avantarea.com\/fr\/wp-json\/wp\/v2\/comments?post=118846"}],"wp:featuredmedia":[{"embeddable":true,"href":"https:\/\/avantarea.com\/fr\/wp-json\/wp\/v2\/media\/124481"}],"wp:attachment":[{"href":"https:\/\/avantarea.com\/fr\/wp-json\/wp\/v2\/media?parent=118846"}],"wp:term":[{"taxonomy":"product_brand","embeddable":true,"href":"https:\/\/avantarea.com\/fr\/wp-json\/wp\/v2\/product_brand?post=118846"},{"taxonomy":"product_cat","embeddable":true,"href":"https:\/\/avantarea.com\/fr\/wp-json\/wp\/v2\/product_cat?post=118846"},{"taxonomy":"product_tag","embeddable":true,"href":"https:\/\/avantarea.com\/fr\/wp-json\/wp\/v2\/product_tag?post=118846"}],"curies":[{"name":"wp","href":"https:\/\/api.w.org\/{rel}","templated":true}]}}