{"id":118817,"date":"2026-03-04T15:40:38","date_gmt":"2026-03-04T14:40:38","guid":{"rendered":"https:\/\/avantarea.com\/producto\/ensemble-marenne-vasque-cannelee-miroir-rond\/"},"modified":"2026-03-04T15:41:16","modified_gmt":"2026-03-04T14:41:16","slug":"ensemble-marenne-vasque-cannelee-miroir-rond","status":"publish","type":"product","link":"https:\/\/avantarea.com\/fr\/producto\/ensemble-marenne-vasque-cannelee-miroir-rond\/","title":{"rendered":"Ensemble MARENNE + vasque cannel\u00e9e + miroir rond"},"content":{"rendered":"<p>Cet ensemble comprend un meuble vasque suspendu, une vasque cannel\u00e9e et un miroir rond.<br \/>\nLe meuble vasque suspendu est dot\u00e9 d&rsquo;un module de tiroirs offrant un grand espace de rangement. Sa fa\u00e7ade en noyer naturel se distingue par son grain \u00e9l\u00e9gant et sa teinte chaude et profonde. Elle conf\u00e8re sophistication et \u00e9quilibre au meuble, en faisant un choix intemporel pour les salles de bains contemporaines. Le reste du meuble est fabriqu\u00e9 en panneaux de particules de 19 mm avec un rev\u00eatement m\u00e9lamin\u00e9, un mat\u00e9riau \u00e9cologique et recyclable. Son tiroir m\u00e9tallique \u00e0 double paroi arbore un design minimaliste aux fines nervures et aux lignes droites, ainsi qu&rsquo;un m\u00e9canisme de fermeture amortie et une capacit\u00e9 de charge de 25 kg. Il offre une accessibilit\u00e9 totale et un grand espace de rangement \u00e0 l&rsquo;arri\u00e8re pour une fonctionnalit\u00e9 accrue.<br \/>\nL&rsquo;ensemble est compl\u00e9t\u00e9 par un miroir rond et une vasque \u00e0 poser. Il est livr\u00e9 assembl\u00e9 et pr\u00eat \u00e0 \u00eatre fix\u00e9 au mur, avec toute la quincaillerie n\u00e9cessaire. Produit fabriqu\u00e9 en Espagne. *Robinet et bonde non inclus.*<br \/>\nToutes les commandes sont exp\u00e9di\u00e9es dans un seul colis contenant tous les composants, vous permettant ainsi de recevoir votre produit complet sans d\u00e9lai.<br \/>\nNotre production r\u00e9pond aux normes de qualit\u00e9 les plus \u00e9lev\u00e9es, certifi\u00e9es ISO. Certification ISO 9001 de Bureau Veritas.<br \/>\nDe plus, nous avons \u00e0 c\u0153ur la protection de l&rsquo;environnement\u00a0: tous nos produits sont certifi\u00e9s FSC\u00ae et PEFC\u2122, garantissant ainsi une gestion durable des for\u00eats et un avenir plus vert.<\/p>\n","protected":false},"excerpt":{"rendered":"<p>Cet ensemble comprend un meuble vasque suspendu, une vasque cannel\u00e9e et un miroir rond. Le meuble vasque suspendu est dot\u00e9 d&rsquo;un module de tiroirs offrant un grand espace de rangement&#8230;.<\/p>\n","protected":false},"featured_media":121486,"comment_status":"open","ping_status":"closed","template":"","meta":[],"product_brand":[1165],"product_cat":[1170],"product_tag":[],"class_list":{"0":"post-118817","1":"product","2":"type-product","3":"status-publish","4":"has-post-thumbnail","6":"product_brand-marenne","7":"product_cat-muebles-de-bano","9":"first","10":"instock","11":"shipping-taxable","12":"purchasable","13":"product-type-variable"},"_links":{"self":[{"href":"https:\/\/avantarea.com\/fr\/wp-json\/wp\/v2\/product\/118817","targetHints":{"allow":["GET"]}}],"collection":[{"href":"https:\/\/avantarea.com\/fr\/wp-json\/wp\/v2\/product"}],"about":[{"href":"https:\/\/avantarea.com\/fr\/wp-json\/wp\/v2\/types\/product"}],"replies":[{"embeddable":true,"href":"https:\/\/avantarea.com\/fr\/wp-json\/wp\/v2\/comments?post=118817"}],"wp:featuredmedia":[{"embeddable":true,"href":"https:\/\/avantarea.com\/fr\/wp-json\/wp\/v2\/media\/121486"}],"wp:attachment":[{"href":"https:\/\/avantarea.com\/fr\/wp-json\/wp\/v2\/media?parent=118817"}],"wp:term":[{"taxonomy":"product_brand","embeddable":true,"href":"https:\/\/avantarea.com\/fr\/wp-json\/wp\/v2\/product_brand?post=118817"},{"taxonomy":"product_cat","embeddable":true,"href":"https:\/\/avantarea.com\/fr\/wp-json\/wp\/v2\/product_cat?post=118817"},{"taxonomy":"product_tag","embeddable":true,"href":"https:\/\/avantarea.com\/fr\/wp-json\/wp\/v2\/product_tag?post=118817"}],"curies":[{"name":"wp","href":"https:\/\/api.w.org\/{rel}","templated":true}]}}