{"id":118806,"date":"2026-03-04T15:40:35","date_gmt":"2026-03-04T14:40:35","guid":{"rendered":"https:\/\/avantarea.com\/producto\/ensemble-cantal-lavabo-miroir-rond\/"},"modified":"2026-03-04T15:41:16","modified_gmt":"2026-03-04T14:41:16","slug":"ensemble-cantal-lavabo-miroir-rond","status":"publish","type":"product","link":"https:\/\/avantarea.com\/fr\/producto\/ensemble-cantal-lavabo-miroir-rond\/","title":{"rendered":"Ensemble CANTAL + lavabo + miroir rond"},"content":{"rendered":"<p>Cet ensemble comprend un meuble-lavabo suspendu, un lavabo et un miroir rond. Le meuble suspendu est dot\u00e9 d&rsquo;un module de tiroirs offrant un grand espace de rangement et d&rsquo;un caisson bas \u00e9quip\u00e9 de quatre pieds chrom\u00e9s. La fa\u00e7ade du tiroir inf\u00e9rieur pr\u00e9sente un effet latt\u00e9. Il est fabriqu\u00e9 en panneaux de particules de 19 mm avec un rev\u00eatement m\u00e9lamin\u00e9, un mat\u00e9riau \u00e9cologique et recyclable. Son tiroir m\u00e9tallique \u00e0 double paroi arbore un design minimaliste avec de fines nervures et des lignes droites, ainsi qu&rsquo;un m\u00e9canisme de fermeture amortie et une capacit\u00e9 de charge de 25 kg. Il offre une accessibilit\u00e9 totale et un grand espace de rangement \u00e0 l&rsquo;arri\u00e8re pour une fonctionnalit\u00e9 accrue. L&rsquo;ensemble est compl\u00e9t\u00e9 par un miroir rond et un lavabo \u00e0 poser. Il est livr\u00e9 assembl\u00e9 et pr\u00eat \u00e0 \u00eatre fix\u00e9 au mur, avec toute la quincaillerie n\u00e9cessaire. Produit fabriqu\u00e9 en Espagne. *Robinet et bonde non inclus.*<br \/>\nToutes les commandes sont exp\u00e9di\u00e9es dans un seul colis contenant tous les composants, vous assurant ainsi de recevoir votre produit complet sans d\u00e9lai.<br \/>\nNotre production r\u00e9pond aux normes de qualit\u00e9 les plus \u00e9lev\u00e9es, attest\u00e9es par la certification ISO 9001 de Bureau Veritas.<br \/>\nDe plus, nous sommes soucieux de l&rsquo;environnement\u00a0: tous nos produits sont certifi\u00e9s FSC\u00ae. Les labels PEFC\u2122 garantissent des for\u00eats durables et un avenir plus vert.<\/p>\n","protected":false},"excerpt":{"rendered":"<p>Cet ensemble comprend un meuble-lavabo suspendu, un lavabo et un miroir rond. Le meuble suspendu est dot\u00e9 d&rsquo;un module de tiroirs offrant un grand espace de rangement et d&rsquo;un caisson&#8230;<\/p>\n","protected":false},"featured_media":119625,"comment_status":"open","ping_status":"closed","template":"","meta":[],"product_brand":[1164],"product_cat":[1170],"product_tag":[],"class_list":{"0":"post-118806","1":"product","2":"type-product","3":"status-publish","4":"has-post-thumbnail","6":"product_brand-cantal","7":"product_cat-muebles-de-bano","9":"first","10":"instock","11":"shipping-taxable","12":"purchasable","13":"product-type-variable"},"_links":{"self":[{"href":"https:\/\/avantarea.com\/fr\/wp-json\/wp\/v2\/product\/118806","targetHints":{"allow":["GET"]}}],"collection":[{"href":"https:\/\/avantarea.com\/fr\/wp-json\/wp\/v2\/product"}],"about":[{"href":"https:\/\/avantarea.com\/fr\/wp-json\/wp\/v2\/types\/product"}],"replies":[{"embeddable":true,"href":"https:\/\/avantarea.com\/fr\/wp-json\/wp\/v2\/comments?post=118806"}],"wp:featuredmedia":[{"embeddable":true,"href":"https:\/\/avantarea.com\/fr\/wp-json\/wp\/v2\/media\/119625"}],"wp:attachment":[{"href":"https:\/\/avantarea.com\/fr\/wp-json\/wp\/v2\/media?parent=118806"}],"wp:term":[{"taxonomy":"product_brand","embeddable":true,"href":"https:\/\/avantarea.com\/fr\/wp-json\/wp\/v2\/product_brand?post=118806"},{"taxonomy":"product_cat","embeddable":true,"href":"https:\/\/avantarea.com\/fr\/wp-json\/wp\/v2\/product_cat?post=118806"},{"taxonomy":"product_tag","embeddable":true,"href":"https:\/\/avantarea.com\/fr\/wp-json\/wp\/v2\/product_tag?post=118806"}],"curies":[{"name":"wp","href":"https:\/\/api.w.org\/{rel}","templated":true}]}}