{"id":118786,"date":"2026-03-04T15:40:29","date_gmt":"2026-03-04T14:40:29","guid":{"rendered":"https:\/\/avantarea.com\/producto\/ensemble-montreux-vasque-cannelee-miroir-alma\/"},"modified":"2026-03-04T15:41:15","modified_gmt":"2026-03-04T14:41:15","slug":"ensemble-montreux-vasque-cannelee-miroir-alma","status":"publish","type":"product","link":"https:\/\/avantarea.com\/fr\/producto\/ensemble-montreux-vasque-cannelee-miroir-alma\/","title":{"rendered":"Ensemble MONTREUX + Vasque cannel\u00e9e + Miroir Alma"},"content":{"rendered":"<p>Ensemble comprenant un meuble vasque suspendu, un lavabo et un miroir design Alma.<br \/>\nLe meuble vasque suspendu est dot\u00e9 d&rsquo;un module de tiroirs offrant un grand espace de rangement et d&rsquo;une \u00e9tag\u00e8re inf\u00e9rieure d\u00e9corative, id\u00e9ale pour optimiser le rangement. Il est fabriqu\u00e9 en panneaux de particules de 19 mm avec rev\u00eatement m\u00e9lamin\u00e9, un mat\u00e9riau \u00e9cologique et recyclable. Son tiroir m\u00e9tallique \u00e0 double paroi arbore un design minimaliste aux fines nervures et aux lignes droites, ainsi qu&rsquo;un m\u00e9canisme de fermeture amortie et une capacit\u00e9 de charge de 25 kg. Il offre une accessibilit\u00e9 totale et un espace g\u00e9n\u00e9reux \u00e0 l&rsquo;arri\u00e8re pour une fonctionnalit\u00e9 accrue.<br \/>\nL&rsquo;ensemble est compl\u00e9t\u00e9 par un miroir design Alma et un lavabo \u00e0 poser. Il est livr\u00e9 assembl\u00e9 et pr\u00eat \u00e0 \u00eatre fix\u00e9 au mur, avec toute la quincaillerie n\u00e9cessaire \u00e0 l&rsquo;installation. Produit fabriqu\u00e9 en Espagne. *Robinet et bonde non inclus.*<br \/>\nToutes les commandes sont exp\u00e9di\u00e9es dans un seul colis contenant tous les composants, vous assurant ainsi une r\u00e9ception rapide de votre produit complet.<br \/>\nNotre production r\u00e9pond aux normes de qualit\u00e9 les plus exigeantes, attest\u00e9es par la certification ISO 9001 de Bureau Veritas.<br \/>\nDe plus, nous sommes soucieux de l&rsquo;environnement. Environnement : Tous nos produits sont certifi\u00e9s FSC\u00ae et PEFC\u2122, garantissant des for\u00eats durables et un avenir plus vert.<\/p>\n","protected":false},"excerpt":{"rendered":"<p>Ensemble comprenant un meuble vasque suspendu, un lavabo et un miroir design Alma. Le meuble vasque suspendu est dot\u00e9 d&rsquo;un module de tiroirs offrant un grand espace de rangement et&#8230;<\/p>\n","protected":false},"featured_media":119647,"comment_status":"open","ping_status":"closed","template":"","meta":[],"product_brand":[1162],"product_cat":[1170],"product_tag":[],"class_list":{"0":"post-118786","1":"product","2":"type-product","3":"status-publish","4":"has-post-thumbnail","6":"product_brand-montreux","7":"product_cat-muebles-de-bano","9":"first","10":"instock","11":"shipping-taxable","12":"purchasable","13":"product-type-variable"},"_links":{"self":[{"href":"https:\/\/avantarea.com\/fr\/wp-json\/wp\/v2\/product\/118786","targetHints":{"allow":["GET"]}}],"collection":[{"href":"https:\/\/avantarea.com\/fr\/wp-json\/wp\/v2\/product"}],"about":[{"href":"https:\/\/avantarea.com\/fr\/wp-json\/wp\/v2\/types\/product"}],"replies":[{"embeddable":true,"href":"https:\/\/avantarea.com\/fr\/wp-json\/wp\/v2\/comments?post=118786"}],"wp:featuredmedia":[{"embeddable":true,"href":"https:\/\/avantarea.com\/fr\/wp-json\/wp\/v2\/media\/119647"}],"wp:attachment":[{"href":"https:\/\/avantarea.com\/fr\/wp-json\/wp\/v2\/media?parent=118786"}],"wp:term":[{"taxonomy":"product_brand","embeddable":true,"href":"https:\/\/avantarea.com\/fr\/wp-json\/wp\/v2\/product_brand?post=118786"},{"taxonomy":"product_cat","embeddable":true,"href":"https:\/\/avantarea.com\/fr\/wp-json\/wp\/v2\/product_cat?post=118786"},{"taxonomy":"product_tag","embeddable":true,"href":"https:\/\/avantarea.com\/fr\/wp-json\/wp\/v2\/product_tag?post=118786"}],"curies":[{"name":"wp","href":"https:\/\/api.w.org\/{rel}","templated":true}]}}