{"id":118513,"date":"2026-02-26T23:29:40","date_gmt":"2026-02-26T22:29:40","guid":{"rendered":"https:\/\/avantarea.com\/producto\/ensemble-tabor-vasque-noire-miroir-led\/"},"modified":"2026-02-26T23:29:43","modified_gmt":"2026-02-26T22:29:43","slug":"ensemble-tabor-vasque-noire-miroir-led","status":"publish","type":"product","link":"https:\/\/avantarea.com\/fr\/producto\/ensemble-tabor-vasque-noire-miroir-led\/","title":{"rendered":"Ensemble TABOR + Vasque noire + Miroir LED"},"content":{"rendered":"<p>Ensemble comprenant un meuble vasque suspendu, un lavabo et un miroir avec \u00e9clairage LED. Le meuble suspendu est compos\u00e9 de deux modules de tiroirs \u00e0 ouverture par levier. Ces modules ind\u00e9pendants peuvent \u00eatre agenc\u00e9s selon vos envies pour s&rsquo;adapter \u00e0 l&rsquo;espace disponible. Le meuble est fabriqu\u00e9 en panneaux de particules de 19 mm avec un rev\u00eatement m\u00e9lamin\u00e9, un mat\u00e9riau \u00e9cologique et recyclable. Le tiroir m\u00e9tallique \u00e0 double paroi pr\u00e9sente une esth\u00e9tique minimaliste avec des nervures fines et des lignes droites, un syst\u00e8me de fermeture amortie et une capacit\u00e9 de charge de 25 kg. Le tiroir offre une accessibilit\u00e9 totale et un espace de rangement g\u00e9n\u00e9reux. Un lavabo en c\u00e9ramique blanche est inclus. Le miroir LED est \u00e9galement inclus (IP44, 14,4 W, 1320 lumens, temp\u00e9rature de couleur 6000 K). Le meuble est livr\u00e9 assembl\u00e9 et pr\u00eat \u00e0 \u00eatre fix\u00e9 au mur. Toute la quincaillerie n\u00e9cessaire est fournie. Fabriqu\u00e9 en Espagne. Robinetterie et bonde non incluses.<\/p>\n","protected":false},"excerpt":{"rendered":"<p>Ensemble comprenant un meuble vasque suspendu, un lavabo et un miroir avec \u00e9clairage LED. Le meuble suspendu est compos\u00e9 de deux modules de tiroirs \u00e0 ouverture par levier. Ces modules&#8230;<\/p>\n","protected":false},"featured_media":26598,"comment_status":"open","ping_status":"closed","template":"","meta":[],"product_brand":[932],"product_cat":[577],"product_tag":[],"class_list":{"0":"post-118513","1":"product","2":"type-product","3":"status-publish","4":"has-post-thumbnail","6":"product_brand-tabor","7":"product_cat-muebles-de-bano","9":"first","10":"instock","11":"shipping-taxable","12":"purchasable","13":"product-type-variable"},"_links":{"self":[{"href":"https:\/\/avantarea.com\/fr\/wp-json\/wp\/v2\/product\/118513","targetHints":{"allow":["GET"]}}],"collection":[{"href":"https:\/\/avantarea.com\/fr\/wp-json\/wp\/v2\/product"}],"about":[{"href":"https:\/\/avantarea.com\/fr\/wp-json\/wp\/v2\/types\/product"}],"replies":[{"embeddable":true,"href":"https:\/\/avantarea.com\/fr\/wp-json\/wp\/v2\/comments?post=118513"}],"wp:featuredmedia":[{"embeddable":true,"href":"https:\/\/avantarea.com\/fr\/wp-json\/wp\/v2\/media\/26598"}],"wp:attachment":[{"href":"https:\/\/avantarea.com\/fr\/wp-json\/wp\/v2\/media?parent=118513"}],"wp:term":[{"taxonomy":"product_brand","embeddable":true,"href":"https:\/\/avantarea.com\/fr\/wp-json\/wp\/v2\/product_brand?post=118513"},{"taxonomy":"product_cat","embeddable":true,"href":"https:\/\/avantarea.com\/fr\/wp-json\/wp\/v2\/product_cat?post=118513"},{"taxonomy":"product_tag","embeddable":true,"href":"https:\/\/avantarea.com\/fr\/wp-json\/wp\/v2\/product_tag?post=118513"}],"curies":[{"name":"wp","href":"https:\/\/api.w.org\/{rel}","templated":true}]}}