{"id":118437,"date":"2026-02-26T23:25:56","date_gmt":"2026-02-26T22:25:56","guid":{"rendered":"https:\/\/avantarea.com\/producto\/ensemble-montblanc-lavabo-miroir-led\/"},"modified":"2026-02-26T23:26:05","modified_gmt":"2026-02-26T22:26:05","slug":"ensemble-montblanc-lavabo-miroir-led","status":"publish","type":"product","link":"https:\/\/avantarea.com\/fr\/producto\/ensemble-montblanc-lavabo-miroir-led\/","title":{"rendered":"Ensemble Montblanc + Lavabo + Miroir LED"},"content":{"rendered":"<p>Ensemble de salle de bains comprenant un meuble-lavabo suspendu, une vasque \u00e0 poser et un miroir \u00e0 \u00e9clairage LED. Le meuble-lavabo suspendu est en panneau stratifi\u00e9 de 19 mm et dispose de tiroirs et de deux \u00e9tag\u00e8res d\u00e9coratives. Les tiroirs sont enti\u00e8rement extensibles et \u00e9quip\u00e9s d&rsquo;un syst\u00e8me de fermeture amortie. Le tiroir sup\u00e9rieur est muni d&rsquo;une bonde. L&rsquo;ensemble comprend une vasque \u00e0 poser en c\u00e9ramique blanche et un miroir avec \u00e9clairage LED. Il est livr\u00e9 pr\u00e9-assembl\u00e9 et pr\u00eat \u00e0 \u00eatre fix\u00e9 au mur. Fabriqu\u00e9 en Espagne.<\/p>\n","protected":false},"excerpt":{"rendered":"<p>Ensemble de salle de bains comprenant un meuble-lavabo suspendu, une vasque \u00e0 poser et un miroir \u00e0 \u00e9clairage LED. Le meuble-lavabo suspendu est en panneau stratifi\u00e9 de 19 mm et&#8230;<\/p>\n","protected":false},"featured_media":23887,"comment_status":"open","ping_status":"closed","template":"","meta":[],"product_brand":[991],"product_cat":[736],"product_tag":[],"class_list":{"0":"post-118437","1":"product","2":"type-product","3":"status-publish","4":"has-post-thumbnail","6":"product_brand-montblanc","7":"product_cat-meuble-de-salle-de-bain","9":"first","10":"instock","11":"shipping-taxable","12":"purchasable","13":"product-type-variable"},"_links":{"self":[{"href":"https:\/\/avantarea.com\/fr\/wp-json\/wp\/v2\/product\/118437","targetHints":{"allow":["GET"]}}],"collection":[{"href":"https:\/\/avantarea.com\/fr\/wp-json\/wp\/v2\/product"}],"about":[{"href":"https:\/\/avantarea.com\/fr\/wp-json\/wp\/v2\/types\/product"}],"replies":[{"embeddable":true,"href":"https:\/\/avantarea.com\/fr\/wp-json\/wp\/v2\/comments?post=118437"}],"wp:featuredmedia":[{"embeddable":true,"href":"https:\/\/avantarea.com\/fr\/wp-json\/wp\/v2\/media\/23887"}],"wp:attachment":[{"href":"https:\/\/avantarea.com\/fr\/wp-json\/wp\/v2\/media?parent=118437"}],"wp:term":[{"taxonomy":"product_brand","embeddable":true,"href":"https:\/\/avantarea.com\/fr\/wp-json\/wp\/v2\/product_brand?post=118437"},{"taxonomy":"product_cat","embeddable":true,"href":"https:\/\/avantarea.com\/fr\/wp-json\/wp\/v2\/product_cat?post=118437"},{"taxonomy":"product_tag","embeddable":true,"href":"https:\/\/avantarea.com\/fr\/wp-json\/wp\/v2\/product_tag?post=118437"}],"curies":[{"name":"wp","href":"https:\/\/api.w.org\/{rel}","templated":true}]}}