{"id":118340,"date":"2026-02-26T23:17:05","date_gmt":"2026-02-26T22:17:05","guid":{"rendered":"https:\/\/avantarea.com\/producto\/ensemble-linea-deux-tiroirs-vasque-linea-miroir-spot-led\/"},"modified":"2026-02-26T23:17:07","modified_gmt":"2026-02-26T22:17:07","slug":"ensemble-linea-deux-tiroirs-vasque-linea-miroir-spot-led","status":"publish","type":"product","link":"https:\/\/avantarea.com\/fr\/producto\/ensemble-linea-deux-tiroirs-vasque-linea-miroir-spot-led\/","title":{"rendered":"Ensemble LINEA Deux Tiroirs + vasque Linea + Miroir + Spot LED"},"content":{"rendered":"<p>Meuble vasque de salle de bain en panneaux stratifi\u00e9s avec deux tiroirs \u00e0 extension compl\u00e8te et syst\u00e8me de fermeture amortie. Comprend une vasque en surface solide, un miroir et un \u00e9clairage LED. Fabriqu\u00e9 en Europe.<\/p>\n","protected":false},"excerpt":{"rendered":"<p>Meuble vasque de salle de bain en panneaux stratifi\u00e9s avec deux tiroirs \u00e0 extension compl\u00e8te et syst\u00e8me de fermeture amortie. Comprend une vasque en surface solide, un miroir et un&#8230;<\/p>\n","protected":false},"featured_media":19419,"comment_status":"open","ping_status":"closed","template":"","meta":[],"product_brand":[950],"product_cat":[690,577],"product_tag":[],"class_list":{"0":"post-118340","1":"product","2":"type-product","3":"status-publish","4":"has-post-thumbnail","6":"product_brand-linea","7":"product_cat-meubles-de-salle-de-bains","8":"product_cat-muebles-de-bano","10":"first","11":"instock","12":"shipping-taxable","13":"purchasable","14":"product-type-variable"},"_links":{"self":[{"href":"https:\/\/avantarea.com\/fr\/wp-json\/wp\/v2\/product\/118340","targetHints":{"allow":["GET"]}}],"collection":[{"href":"https:\/\/avantarea.com\/fr\/wp-json\/wp\/v2\/product"}],"about":[{"href":"https:\/\/avantarea.com\/fr\/wp-json\/wp\/v2\/types\/product"}],"replies":[{"embeddable":true,"href":"https:\/\/avantarea.com\/fr\/wp-json\/wp\/v2\/comments?post=118340"}],"wp:featuredmedia":[{"embeddable":true,"href":"https:\/\/avantarea.com\/fr\/wp-json\/wp\/v2\/media\/19419"}],"wp:attachment":[{"href":"https:\/\/avantarea.com\/fr\/wp-json\/wp\/v2\/media?parent=118340"}],"wp:term":[{"taxonomy":"product_brand","embeddable":true,"href":"https:\/\/avantarea.com\/fr\/wp-json\/wp\/v2\/product_brand?post=118340"},{"taxonomy":"product_cat","embeddable":true,"href":"https:\/\/avantarea.com\/fr\/wp-json\/wp\/v2\/product_cat?post=118340"},{"taxonomy":"product_tag","embeddable":true,"href":"https:\/\/avantarea.com\/fr\/wp-json\/wp\/v2\/product_tag?post=118340"}],"curies":[{"name":"wp","href":"https:\/\/api.w.org\/{rel}","templated":true}]}}